{"id":1696,"date":"2025-04-07T22:22:16","date_gmt":"2025-04-08T04:22:16","guid":{"rendered":"https:\/\/dragonesfc.mx\/?page_id=1696"},"modified":"2025-04-07T22:22:16","modified_gmt":"2025-04-08T04:22:16","slug":"fuerzas-basicas-femenil","status":"publish","type":"page","link":"https:\/\/dragonesfc.mx\/index.php\/fuerzas-basicas\/fuerzas-basicas-femenil\/","title":{"rendered":"Fuerzas B\u00e1sicas Femenil"},"content":{"rendered":"<div class=\"fusion-fullwidth fullwidth-box fusion-builder-row-1 fusion-flex-container has-pattern-background has-mask-background nonhundred-percent-fullwidth non-hundred-percent-height-scrolling\" style=\"--awb-border-radius-top-left:0px;--awb-border-radius-top-right:0px;--awb-border-radius-bottom-right:0px;--awb-border-radius-bottom-left:0px;--awb-flex-wrap:wrap;\" ><div class=\"fusion-builder-row fusion-row fusion-flex-align-items-flex-start fusion-flex-content-wrap\" style=\"max-width:1185.6px;margin-left: calc(-4% \/ 2 );margin-right: calc(-4% \/ 2 );\"><div class=\"fusion-layout-column fusion_builder_column fusion-builder-column-0 fusion_builder_column_1_1 1_1 fusion-flex-column\" style=\"--awb-bg-size:cover;--awb-width-large:100%;--awb-margin-top-large:0px;--awb-spacing-right-large:1.92%;--awb-margin-bottom-large:20px;--awb-spacing-left-large:1.92%;--awb-width-medium:100%;--awb-order-medium:0;--awb-spacing-right-medium:1.92%;--awb-spacing-left-medium:1.92%;--awb-width-small:100%;--awb-order-small:0;--awb-spacing-right-small:1.92%;--awb-spacing-left-small:1.92%;\"><div class=\"fusion-column-wrapper fusion-column-has-shadow fusion-flex-justify-content-flex-start fusion-content-layout-column\"><div class=\"fusion-image-element \" style=\"--awb-caption-title-font-family:var(--h2_typography-font-family);--awb-caption-title-font-weight:var(--h2_typography-font-weight);--awb-caption-title-font-style:var(--h2_typography-font-style);--awb-caption-title-size:var(--h2_typography-font-size);--awb-caption-title-transform:var(--h2_typography-text-transform);--awb-caption-title-line-height:var(--h2_typography-line-height);--awb-caption-title-letter-spacing:var(--h2_typography-letter-spacing);\"><span class=\" fusion-imageframe imageframe-none imageframe-1 hover-type-none\"><img decoding=\"async\" width=\"1302\" height=\"500\" title=\"467533004_122125607978496904_5132410039835911550_n\" src=\"http:\/\/dragonesfc.mx\/wp-content\/uploads\/2025\/02\/467533004_122125607978496904_5132410039835911550_n.jpg\" alt class=\"img-responsive wp-image-1654\" srcset=\"https:\/\/dragonesfc.mx\/wp-content\/uploads\/2025\/02\/467533004_122125607978496904_5132410039835911550_n-200x77.jpg 200w, https:\/\/dragonesfc.mx\/wp-content\/uploads\/2025\/02\/467533004_122125607978496904_5132410039835911550_n-400x154.jpg 400w, https:\/\/dragonesfc.mx\/wp-content\/uploads\/2025\/02\/467533004_122125607978496904_5132410039835911550_n-600x230.jpg 600w, https:\/\/dragonesfc.mx\/wp-content\/uploads\/2025\/02\/467533004_122125607978496904_5132410039835911550_n-800x307.jpg 800w, https:\/\/dragonesfc.mx\/wp-content\/uploads\/2025\/02\/467533004_122125607978496904_5132410039835911550_n-1200x461.jpg 1200w, https:\/\/dragonesfc.mx\/wp-content\/uploads\/2025\/02\/467533004_122125607978496904_5132410039835911550_n.jpg 1302w\" sizes=\"(max-width: 640px) 100vw, 1200px\" \/><\/span><\/div><div class=\"fusion-title title fusion-title-1 fusion-sep-none fusion-title-text fusion-title-size-one\"><h1 class=\"fusion-title-heading title-heading-left\" style=\"margin:0;\">Ellas son las chicas de Fuerzas B\u00e1sicas<\/h1><\/div><div class=\"fusion-text fusion-text-1\"><table class=\" aligncenter\" width=\"551\">\n<tbody>\n<tr>\n<td width=\"83\"><strong>Posici\u00f3n\u00a0<\/strong><\/td>\n<td width=\"386\"><strong>Nombre<\/strong><\/td>\n<td width=\"83\"><strong>N\u00famero\u00a0<\/strong><\/td>\n<\/tr>\n<tr>\n<td width=\"83\">Defensa<\/td>\n<td width=\"386\">Valencia L\u00f3pez \u00a0Matilda Xquenda<\/td>\n<td width=\"83\">105<\/td>\n<\/tr>\n<tr>\n<td width=\"83\">Defensa<\/td>\n<td width=\"386\">Villaverde Jarqu\u00edn M\u00eda Solerik<\/td>\n<td width=\"83\">60<\/td>\n<\/tr>\n<tr>\n<td width=\"83\">Defensa<\/td>\n<td width=\"386\">Arellanes P\u00e9rez Karen Valeria<\/td>\n<td width=\"83\">106<\/td>\n<\/tr>\n<tr>\n<td width=\"83\">Defensa<\/td>\n<td width=\"386\">Guerrero Arellanes Nadia Paola<\/td>\n<td width=\"83\">108<\/td>\n<\/tr>\n<tr>\n<td width=\"83\">Defensa<\/td>\n<td width=\"386\">Bautista Aquino Valeria Sayuri<\/td>\n<td width=\"83\">133<\/td>\n<\/tr>\n<tr>\n<td width=\"83\">Media<\/td>\n<td width=\"386\">Castellanos Le\u00f3n Isabella<\/td>\n<td width=\"83\">617<\/td>\n<\/tr>\n<tr>\n<td width=\"83\">Media<\/td>\n<td width=\"386\">L\u00f3pez G\u00f3mez Dulce Mar\u00eda<\/td>\n<td width=\"83\">60<\/td>\n<\/tr>\n<tr>\n<td width=\"83\">Delantera<\/td>\n<td width=\"386\">Leyva Gutierrez Valeria<\/td>\n<td width=\"83\">131<\/td>\n<\/tr>\n<tr>\n<td width=\"83\">Delantera<\/td>\n<td width=\"386\">D\u00edaz Pulido Arena Aimar<\/td>\n<td width=\"83\">612<\/td>\n<\/tr>\n<tr>\n<td width=\"83\">Delantera<\/td>\n<td width=\"386\">Mart\u00ednez Ruiz Ingrid Vanessa<\/td>\n<td width=\"83\">556<\/td>\n<\/tr>\n<tr>\n<td width=\"83\">Delantera<\/td>\n<td width=\"386\">Garc\u00eda Cort\u00e9s Luc\u00eda<\/td>\n<td width=\"83\">109<\/td>\n<\/tr>\n<\/tbody>\n<\/table>\n<\/div><div class=\"fusion-image-element \" style=\"--awb-caption-title-font-family:var(--h2_typography-font-family);--awb-caption-title-font-weight:var(--h2_typography-font-weight);--awb-caption-title-font-style:var(--h2_typography-font-style);--awb-caption-title-size:var(--h2_typography-font-size);--awb-caption-title-transform:var(--h2_typography-text-transform);--awb-caption-title-line-height:var(--h2_typography-line-height);--awb-caption-title-letter-spacing:var(--h2_typography-letter-spacing);\"><span class=\" fusion-imageframe imageframe-none imageframe-2 hover-type-none\"><img decoding=\"async\" width=\"1336\" height=\"752\" title=\"IMG_7484\" src=\"http:\/\/dragonesfc.mx\/wp-content\/uploads\/2025\/02\/IMG_7484.jpg\" alt class=\"img-responsive wp-image-1770\" srcset=\"https:\/\/dragonesfc.mx\/wp-content\/uploads\/2025\/02\/IMG_7484-200x113.jpg 200w, https:\/\/dragonesfc.mx\/wp-content\/uploads\/2025\/02\/IMG_7484-400x225.jpg 400w, https:\/\/dragonesfc.mx\/wp-content\/uploads\/2025\/02\/IMG_7484-600x338.jpg 600w, https:\/\/dragonesfc.mx\/wp-content\/uploads\/2025\/02\/IMG_7484-800x450.jpg 800w, https:\/\/dragonesfc.mx\/wp-content\/uploads\/2025\/02\/IMG_7484-1200x675.jpg 1200w, https:\/\/dragonesfc.mx\/wp-content\/uploads\/2025\/02\/IMG_7484.jpg 1336w\" sizes=\"(max-width: 640px) 100vw, 1200px\" \/><\/span><\/div><\/div><\/div><\/div><\/div>\n","protected":false},"excerpt":{"rendered":"","protected":false},"author":4,"featured_media":0,"parent":1632,"menu_order":0,"comment_status":"closed","ping_status":"closed","template":"100-width.php","meta":{"footnotes":""},"class_list":["post-1696","page","type-page","status-publish","hentry"],"yoast_head":"<!-- This site is optimized with the Yoast SEO plugin v27.5 - https:\/\/yoast.com\/product\/yoast-seo-wordpress\/ -->\n<title>Fuerzas B\u00e1sicas Femenil - Tienda Dragones<\/title>\n<meta name=\"robots\" content=\"index, follow, max-snippet:-1, max-image-preview:large, max-video-preview:-1\" \/>\n<link rel=\"canonical\" href=\"https:\/\/dragonesfc.mx\/index.php\/fuerzas-basicas\/fuerzas-basicas-femenil\/\" \/>\n<meta property=\"og:locale\" content=\"es_MX\" \/>\n<meta property=\"og:type\" content=\"article\" \/>\n<meta property=\"og:title\" content=\"Fuerzas B\u00e1sicas Femenil - Tienda Dragones\" \/>\n<meta property=\"og:url\" content=\"https:\/\/dragonesfc.mx\/index.php\/fuerzas-basicas\/fuerzas-basicas-femenil\/\" \/>\n<meta property=\"og:site_name\" content=\"Tienda Dragones\" \/>\n<meta name=\"twitter:card\" content=\"summary_large_image\" \/>\n<meta name=\"twitter:label1\" content=\"Tiempo de lectura\" \/>\n\t<meta name=\"twitter:data1\" content=\"3 minutos\" \/>\n<script type=\"application\/ld+json\" class=\"yoast-schema-graph\">{\"@context\":\"https:\\\/\\\/schema.org\",\"@graph\":[{\"@type\":\"WebPage\",\"@id\":\"https:\\\/\\\/dragonesfc.mx\\\/index.php\\\/fuerzas-basicas\\\/fuerzas-basicas-femenil\\\/\",\"url\":\"https:\\\/\\\/dragonesfc.mx\\\/index.php\\\/fuerzas-basicas\\\/fuerzas-basicas-femenil\\\/\",\"name\":\"Fuerzas B\u00e1sicas Femenil - Tienda Dragones\",\"isPartOf\":{\"@id\":\"https:\\\/\\\/dragonesfc.mx\\\/#website\"},\"datePublished\":\"2025-04-08T04:22:16+00:00\",\"breadcrumb\":{\"@id\":\"https:\\\/\\\/dragonesfc.mx\\\/index.php\\\/fuerzas-basicas\\\/fuerzas-basicas-femenil\\\/#breadcrumb\"},\"inLanguage\":\"es\",\"potentialAction\":[{\"@type\":\"ReadAction\",\"target\":[\"https:\\\/\\\/dragonesfc.mx\\\/index.php\\\/fuerzas-basicas\\\/fuerzas-basicas-femenil\\\/\"]}]},{\"@type\":\"BreadcrumbList\",\"@id\":\"https:\\\/\\\/dragonesfc.mx\\\/index.php\\\/fuerzas-basicas\\\/fuerzas-basicas-femenil\\\/#breadcrumb\",\"itemListElement\":[{\"@type\":\"ListItem\",\"position\":1,\"name\":\"Inicio\",\"item\":\"https:\\\/\\\/dragonesfc.mx\\\/\"},{\"@type\":\"ListItem\",\"position\":2,\"name\":\"FUERZAS B\u00c1SICAS\",\"item\":\"https:\\\/\\\/dragonesfc.mx\\\/index.php\\\/fuerzas-basicas\\\/\"},{\"@type\":\"ListItem\",\"position\":3,\"name\":\"Fuerzas B\u00e1sicas Femenil\"}]},{\"@type\":\"WebSite\",\"@id\":\"https:\\\/\\\/dragonesfc.mx\\\/#website\",\"url\":\"https:\\\/\\\/dragonesfc.mx\\\/\",\"name\":\"Tienda Dragones\",\"description\":\"Instituci\u00f3n oaxaque\u00f1a dedicada a la ense\u00f1anza del futbol. Fundada en 2018, esta organizaci\u00f3n cuenta con 2 equipos en la Tercera Divisi\u00f3n Profesional de la Federaci\u00f3n Mexicana de Futbol, adem\u00e1s de seis academias en Tlalixtac, Zimatl\u00e1n, Cuilapam, Ocotl\u00e1n, Tamazulapam y Huatulco.\",\"potentialAction\":[{\"@type\":\"SearchAction\",\"target\":{\"@type\":\"EntryPoint\",\"urlTemplate\":\"https:\\\/\\\/dragonesfc.mx\\\/?s={search_term_string}\"},\"query-input\":{\"@type\":\"PropertyValueSpecification\",\"valueRequired\":true,\"valueName\":\"search_term_string\"}}],\"inLanguage\":\"es\"}]}<\/script>\n<!-- \/ Yoast SEO plugin. -->","yoast_head_json":{"title":"Fuerzas B\u00e1sicas Femenil - Tienda Dragones","robots":{"index":"index","follow":"follow","max-snippet":"max-snippet:-1","max-image-preview":"max-image-preview:large","max-video-preview":"max-video-preview:-1"},"canonical":"https:\/\/dragonesfc.mx\/index.php\/fuerzas-basicas\/fuerzas-basicas-femenil\/","og_locale":"es_MX","og_type":"article","og_title":"Fuerzas B\u00e1sicas Femenil - Tienda Dragones","og_url":"https:\/\/dragonesfc.mx\/index.php\/fuerzas-basicas\/fuerzas-basicas-femenil\/","og_site_name":"Tienda Dragones","twitter_card":"summary_large_image","twitter_misc":{"Tiempo de lectura":"3 minutos"},"schema":{"@context":"https:\/\/schema.org","@graph":[{"@type":"WebPage","@id":"https:\/\/dragonesfc.mx\/index.php\/fuerzas-basicas\/fuerzas-basicas-femenil\/","url":"https:\/\/dragonesfc.mx\/index.php\/fuerzas-basicas\/fuerzas-basicas-femenil\/","name":"Fuerzas B\u00e1sicas Femenil - Tienda Dragones","isPartOf":{"@id":"https:\/\/dragonesfc.mx\/#website"},"datePublished":"2025-04-08T04:22:16+00:00","breadcrumb":{"@id":"https:\/\/dragonesfc.mx\/index.php\/fuerzas-basicas\/fuerzas-basicas-femenil\/#breadcrumb"},"inLanguage":"es","potentialAction":[{"@type":"ReadAction","target":["https:\/\/dragonesfc.mx\/index.php\/fuerzas-basicas\/fuerzas-basicas-femenil\/"]}]},{"@type":"BreadcrumbList","@id":"https:\/\/dragonesfc.mx\/index.php\/fuerzas-basicas\/fuerzas-basicas-femenil\/#breadcrumb","itemListElement":[{"@type":"ListItem","position":1,"name":"Inicio","item":"https:\/\/dragonesfc.mx\/"},{"@type":"ListItem","position":2,"name":"FUERZAS B\u00c1SICAS","item":"https:\/\/dragonesfc.mx\/index.php\/fuerzas-basicas\/"},{"@type":"ListItem","position":3,"name":"Fuerzas B\u00e1sicas Femenil"}]},{"@type":"WebSite","@id":"https:\/\/dragonesfc.mx\/#website","url":"https:\/\/dragonesfc.mx\/","name":"Tienda Dragones","description":"Instituci\u00f3n oaxaque\u00f1a dedicada a la ense\u00f1anza del futbol. Fundada en 2018, esta organizaci\u00f3n cuenta con 2 equipos en la Tercera Divisi\u00f3n Profesional de la Federaci\u00f3n Mexicana de Futbol, adem\u00e1s de seis academias en Tlalixtac, Zimatl\u00e1n, Cuilapam, Ocotl\u00e1n, Tamazulapam y Huatulco.","potentialAction":[{"@type":"SearchAction","target":{"@type":"EntryPoint","urlTemplate":"https:\/\/dragonesfc.mx\/?s={search_term_string}"},"query-input":{"@type":"PropertyValueSpecification","valueRequired":true,"valueName":"search_term_string"}}],"inLanguage":"es"}]}},"jetpack_sharing_enabled":true,"_links":{"self":[{"href":"https:\/\/dragonesfc.mx\/index.php\/wp-json\/wp\/v2\/pages\/1696","targetHints":{"allow":["GET"]}}],"collection":[{"href":"https:\/\/dragonesfc.mx\/index.php\/wp-json\/wp\/v2\/pages"}],"about":[{"href":"https:\/\/dragonesfc.mx\/index.php\/wp-json\/wp\/v2\/types\/page"}],"author":[{"embeddable":true,"href":"https:\/\/dragonesfc.mx\/index.php\/wp-json\/wp\/v2\/users\/4"}],"replies":[{"embeddable":true,"href":"https:\/\/dragonesfc.mx\/index.php\/wp-json\/wp\/v2\/comments?post=1696"}],"version-history":[{"count":5,"href":"https:\/\/dragonesfc.mx\/index.php\/wp-json\/wp\/v2\/pages\/1696\/revisions"}],"predecessor-version":[{"id":2190,"href":"https:\/\/dragonesfc.mx\/index.php\/wp-json\/wp\/v2\/pages\/1696\/revisions\/2190"}],"up":[{"embeddable":true,"href":"https:\/\/dragonesfc.mx\/index.php\/wp-json\/wp\/v2\/pages\/1632"}],"wp:attachment":[{"href":"https:\/\/dragonesfc.mx\/index.php\/wp-json\/wp\/v2\/media?parent=1696"}],"curies":[{"name":"wp","href":"https:\/\/api.w.org\/{rel}","templated":true}]}}