{"id":220,"date":"2023-05-18T13:35:42","date_gmt":"2023-05-18T18:35:42","guid":{"rendered":"https:\/\/dragonesfc.mx\/?page_id=220"},"modified":"2024-08-15T10:24:14","modified_gmt":"2024-08-15T15:24:14","slug":"el-club","status":"publish","type":"page","link":"https:\/\/dragonesfc.mx\/index.php\/el-club\/","title":{"rendered":"EL CLUB"},"content":{"rendered":"<p><div class=\"fusion-fullwidth fullwidth-box fusion-builder-row-1 fusion-flex-container has-pattern-background has-mask-background fusion-parallax-none nonhundred-percent-fullwidth non-hundred-percent-height-scrolling\" style=\"--awb-border-radius-top-left:0px;--awb-border-radius-top-right:0px;--awb-border-radius-bottom-right:0px;--awb-border-radius-bottom-left:0px;--awb-padding-top:300px;--awb-padding-bottom:20px;--awb-margin-top:-60px;--awb-margin-bottom:30px;--awb-background-image:linear-gradient(180deg, rgba(255,255,255,0) 31%,var(--awb-color8) 100%),url(http:\/\/dragonesfc.mx\/wp-content\/uploads\/2023\/05\/el-club.jpg);;--awb-background-size:cover;--awb-flex-wrap:wrap;\" ><div class=\"fusion-builder-row fusion-row fusion-flex-align-items-flex-start fusion-flex-content-wrap\" style=\"max-width:1185.6px;margin-left: calc(-4% \/ 2 );margin-right: calc(-4% \/ 2 );\"><div class=\"fusion-layout-column fusion_builder_column fusion-builder-column-0 fusion_builder_column_1_1 1_1 fusion-flex-column\" style=\"--awb-bg-size:cover;--awb-width-large:100%;--awb-margin-top-large:0px;--awb-spacing-right-large:1.92%;--awb-margin-bottom-large:20px;--awb-spacing-left-large:1.92%;--awb-width-medium:100%;--awb-order-medium:0;--awb-spacing-right-medium:1.92%;--awb-spacing-left-medium:1.92%;--awb-width-small:100%;--awb-order-small:0;--awb-spacing-right-small:1.92%;--awb-spacing-left-small:1.92%;\"><div class=\"fusion-column-wrapper fusion-column-has-shadow fusion-flex-justify-content-flex-start fusion-content-layout-column\"><div class=\"fusion-separator\" style=\"align-self: flex-start;margin-right:auto;margin-bottom:10px;width:100%;max-width:80px;\"><div class=\"fusion-separator-border sep-single sep-solid\" style=\"--awb-height:20px;--awb-amount:20px;--awb-sep-color:var(--awb-color4);border-color:var(--awb-color4);border-top-width:4px;\"><\/div><\/div><div class=\"fusion-title title fusion-title-1 fusion-sep-none fusion-title-text fusion-title-size-one\" style=\"--awb-text-color:var(--awb-color1);--awb-margin-top:0px;--awb-margin-bottom:0px;\"><h1 class=\"fusion-title-heading title-heading-left\" style=\"margin:0;letter-spacing:2px;\">EL CLUB<\/h1><\/div><\/div><\/div><\/div><\/div><div class=\"fusion-fullwidth fullwidth-box fusion-builder-row-2 fusion-flex-container has-pattern-background has-mask-background width-800 nonhundred-percent-fullwidth non-hundred-percent-height-scrolling\" style=\"--awb-border-radius-top-left:0px;--awb-border-radius-top-right:0px;--awb-border-radius-bottom-right:0px;--awb-border-radius-bottom-left:0px;--awb-padding-top:25px;--awb-flex-wrap:wrap;\" ><div class=\"fusion-builder-row fusion-row fusion-flex-align-items-flex-start fusion-flex-content-wrap\" style=\"max-width:1185.6px;margin-left: calc(-4% \/ 2 );margin-right: calc(-4% \/ 2 );\"><div class=\"fusion-layout-column fusion_builder_column fusion-builder-column-1 fusion_builder_column_1_1 1_1 fusion-flex-column 800\" style=\"--awb-bg-size:cover;--awb-width-large:100%;--awb-margin-top-large:0px;--awb-spacing-right-large:1.92%;--awb-margin-bottom-large:20px;--awb-spacing-left-large:1.92%;--awb-width-medium:100%;--awb-order-medium:0;--awb-spacing-right-medium:1.92%;--awb-spacing-left-medium:1.92%;--awb-width-small:100%;--awb-order-small:0;--awb-spacing-right-small:1.92%;--awb-spacing-left-small:1.92%;\"><div class=\"fusion-column-wrapper fusion-column-has-shadow fusion-flex-justify-content-flex-start fusion-content-layout-column\"><div class=\"fusion-text fusion-text-1 fusion-text-no-margin\" style=\"--awb-font-size:24px;--awb-margin-bottom:50px;--awb-text-font-family:var(--awb-typography4-font-family);--awb-text-font-weight:var(--awb-typography4-font-weight);--awb-text-font-style:var(--awb-typography4-font-style);\"><p>Dragones es un club de futbol con sede en Oaxaca que busca formar jugadores de alto rendimiento y competir en el m\u00e1ximo nivel del futbol mexicano.<\/p>\n<\/div><div class=\"fusion-text fusion-text-2 fusion-text-no-margin\" style=\"--awb-font-size:30px;--awb-letter-spacing:1px;--awb-text-transform:uppercase;--awb-text-font-family:var(--awb-typography1-font-family);--awb-text-font-weight:var(--awb-typography1-font-weight);--awb-text-font-style:var(--awb-typography1-font-style);\"><p>Misi\u00f3n<\/p>\n<\/div><div class=\"fusion-text fusion-text-3 fusion-text-no-margin\" style=\"--awb-font-size:18px;--awb-margin-top:0px;--awb-margin-bottom:0xp;\"><p>Somos un club dedicado a la ense\u00f1anza del futbol soccer, otorgando mayor importancia a la formaci\u00f3n integral de las y los jugadores.<\/p>\n<\/div><div class=\"fusion-text fusion-text-4 fusion-text-no-margin\" style=\"--awb-font-size:30px;--awb-letter-spacing:1px;--awb-text-transform:uppercase;--awb-margin-top:15px;--awb-text-font-family:var(--awb-typography1-font-family);--awb-text-font-weight:var(--awb-typography1-font-weight);--awb-text-font-style:var(--awb-typography1-font-style);\"><p>Visi\u00f3n<\/p>\n<\/div><div class=\"fusion-text fusion-text-5 fusion-text-no-margin\" style=\"--awb-font-size:18px;--awb-margin-top:0px;--awb-margin-bottom:10xp;\"><p>Ser la mejor instituci\u00f3n para desarrollo e impulso del talento en el estado de Oaxaca y generar un sistema de academias que apoye e impulse realmente a los miembros de su comunidad.<\/p>\n<\/div><div class=\"fusion-text fusion-text-6 fusion-text-no-margin\" style=\"--awb-font-size:30px;--awb-letter-spacing:1px;--awb-text-transform:uppercase;--awb-margin-top:35px;--awb-text-font-family:var(--awb-typography1-font-family);--awb-text-font-weight:var(--awb-typography1-font-weight);--awb-text-font-style:var(--awb-typography1-font-style);\"><p style=\"text-align: center;\">Principios<\/p>\n<\/div><div class=\"fusion-builder-row fusion-builder-row-inner fusion-row fusion-flex-align-items-flex-start fusion-flex-content-wrap\" style=\"width:104% !important;max-width:104% !important;margin-left: calc(-4% \/ 2 );margin-right: calc(-4% \/ 2 );\"><div class=\"fusion-layout-column fusion_builder_column_inner fusion-builder-nested-column-0 fusion_builder_column_inner_1_3 1_3 fusion-flex-column\" style=\"--awb-bg-size:cover;--awb-width-large:33.333333333333%;--awb-margin-top-large:0px;--awb-spacing-right-large:5.76%;--awb-margin-bottom-large:20px;--awb-spacing-left-large:3.456%;--awb-width-medium:33.333333333333%;--awb-order-medium:0;--awb-spacing-right-medium:5.76%;--awb-spacing-left-medium:3.456%;--awb-width-small:100%;--awb-order-small:0;--awb-spacing-right-small:1.92%;--awb-spacing-left-small:1.92%;\"><div class=\"fusion-column-wrapper fusion-column-has-shadow fusion-flex-justify-content-center fusion-content-layout-row\"><div class=\"fusion-image-element \" style=\"--awb-caption-title-font-family:var(--h2_typography-font-family);--awb-caption-title-font-weight:var(--h2_typography-font-weight);--awb-caption-title-font-style:var(--h2_typography-font-style);--awb-caption-title-size:var(--h2_typography-font-size);--awb-caption-title-transform:var(--h2_typography-text-transform);--awb-caption-title-line-height:var(--h2_typography-line-height);--awb-caption-title-letter-spacing:var(--h2_typography-letter-spacing);\"><span class=\" fusion-imageframe imageframe-none imageframe-1 hover-type-none\"><img decoding=\"async\" width=\"150\" height=\"150\" title=\"icono-crecimiento\" src=\"http:\/\/dragonesfc.mx\/wp-content\/uploads\/2023\/05\/icono-crecimiento.svg\" alt class=\"img-responsive wp-image-241\"\/><\/span><\/div><div class=\"fusion-text fusion-text-7\" style=\"--awb-font-size:18px;--awb-text-font-family:var(--awb-typography4-font-family);--awb-text-font-weight:var(--awb-typography4-font-weight);--awb-text-font-style:var(--awb-typography4-font-style);\"><p style=\"text-align: center;\">Crecimiento con enfoque en el desarrollo<\/p>\n<\/div><\/div><\/div><div class=\"fusion-layout-column fusion_builder_column_inner fusion-builder-nested-column-1 fusion_builder_column_inner_1_3 1_3 fusion-flex-column\" style=\"--awb-bg-size:cover;--awb-width-large:33.333333333333%;--awb-margin-top-large:0px;--awb-spacing-right-large:5.76%;--awb-margin-bottom-large:20px;--awb-spacing-left-large:5.76%;--awb-width-medium:33.333333333333%;--awb-order-medium:0;--awb-spacing-right-medium:5.76%;--awb-spacing-left-medium:5.76%;--awb-width-small:100%;--awb-order-small:0;--awb-spacing-right-small:1.92%;--awb-spacing-left-small:1.92%;\"><div class=\"fusion-column-wrapper fusion-column-has-shadow fusion-flex-justify-content-center fusion-content-layout-row\"><div class=\"fusion-image-element \" style=\"--awb-caption-title-font-family:var(--h2_typography-font-family);--awb-caption-title-font-weight:var(--h2_typography-font-weight);--awb-caption-title-font-style:var(--h2_typography-font-style);--awb-caption-title-size:var(--h2_typography-font-size);--awb-caption-title-transform:var(--h2_typography-text-transform);--awb-caption-title-line-height:var(--h2_typography-line-height);--awb-caption-title-letter-spacing:var(--h2_typography-letter-spacing);\"><span class=\" fusion-imageframe imageframe-none imageframe-2 hover-type-none\"><img decoding=\"async\" width=\"150\" height=\"150\" title=\"icono-respeto\" src=\"http:\/\/dragonesfc.mx\/wp-content\/uploads\/2023\/05\/icono-respeto.svg\" alt class=\"img-responsive wp-image-242\"\/><\/span><\/div><div class=\"fusion-text fusion-text-8\" style=\"--awb-font-size:18px;--awb-text-font-family:var(--awb-typography4-font-family);--awb-text-font-weight:var(--awb-typography4-font-weight);--awb-text-font-style:var(--awb-typography4-font-style);\"><p style=\"text-align: center;\">Respeto al entorno deportivo<\/p>\n<\/div><\/div><\/div><div class=\"fusion-layout-column fusion_builder_column_inner fusion-builder-nested-column-2 fusion_builder_column_inner_1_3 1_3 fusion-flex-column\" style=\"--awb-bg-size:cover;--awb-width-large:33.333333333333%;--awb-margin-top-large:0px;--awb-spacing-right-large:5.76%;--awb-margin-bottom-large:20px;--awb-spacing-left-large:5.76%;--awb-width-medium:33.333333333333%;--awb-order-medium:0;--awb-spacing-right-medium:5.76%;--awb-spacing-left-medium:5.76%;--awb-width-small:100%;--awb-order-small:0;--awb-spacing-right-small:1.92%;--awb-spacing-left-small:1.92%;\"><div class=\"fusion-column-wrapper fusion-column-has-shadow fusion-flex-justify-content-center fusion-content-layout-row\"><div class=\"fusion-image-element \" style=\"--awb-caption-title-font-family:var(--h2_typography-font-family);--awb-caption-title-font-weight:var(--h2_typography-font-weight);--awb-caption-title-font-style:var(--h2_typography-font-style);--awb-caption-title-size:var(--h2_typography-font-size);--awb-caption-title-transform:var(--h2_typography-text-transform);--awb-caption-title-line-height:var(--h2_typography-line-height);--awb-caption-title-letter-spacing:var(--h2_typography-letter-spacing);\"><span class=\" fusion-imageframe imageframe-none imageframe-3 hover-type-none\"><img decoding=\"async\" width=\"150\" height=\"150\" title=\"icono-competencia\" src=\"http:\/\/dragonesfc.mx\/wp-content\/uploads\/2023\/05\/icono-competencia.svg\" alt class=\"img-responsive wp-image-240\"\/><\/span><\/div><div class=\"fusion-text fusion-text-9\" style=\"--awb-font-size:18px;--awb-text-font-family:var(--awb-typography4-font-family);--awb-text-font-weight:var(--awb-typography4-font-weight);--awb-text-font-style:var(--awb-typography4-font-style);\"><p style=\"text-align: center;\">Competencia al m\u00e1ximo nivel<\/p>\n<\/div><\/div><\/div><\/div><\/div><\/div><\/div><\/div><\/p>\n","protected":false},"excerpt":{"rendered":"","protected":false},"author":1,"featured_media":0,"parent":0,"menu_order":0,"comment_status":"closed","ping_status":"closed","template":"100-width.php","meta":{"footnotes":""},"class_list":["post-220","page","type-page","status-publish","hentry"],"yoast_head":"<!-- This site is optimized with the Yoast SEO plugin v27.5 - https:\/\/yoast.com\/product\/yoast-seo-wordpress\/ -->\n<title>EL CLUB - Tienda Dragones<\/title>\n<meta name=\"robots\" content=\"index, follow, max-snippet:-1, max-image-preview:large, max-video-preview:-1\" \/>\n<link rel=\"canonical\" href=\"https:\/\/dragonesfc.mx\/index.php\/el-club\/\" \/>\n<meta property=\"og:locale\" content=\"es_MX\" \/>\n<meta property=\"og:type\" content=\"article\" \/>\n<meta property=\"og:title\" content=\"EL CLUB - Tienda Dragones\" \/>\n<meta property=\"og:url\" content=\"https:\/\/dragonesfc.mx\/index.php\/el-club\/\" \/>\n<meta property=\"og:site_name\" content=\"Tienda Dragones\" \/>\n<meta property=\"article:modified_time\" content=\"2024-08-15T15:24:14+00:00\" \/>\n<meta name=\"twitter:card\" content=\"summary_large_image\" \/>\n<meta name=\"twitter:label1\" content=\"Tiempo de lectura\" \/>\n\t<meta name=\"twitter:data1\" content=\"25 minutos\" \/>\n<script type=\"application\/ld+json\" class=\"yoast-schema-graph\">{\"@context\":\"https:\\\/\\\/schema.org\",\"@graph\":[{\"@type\":\"WebPage\",\"@id\":\"https:\\\/\\\/dragonesfc.mx\\\/index.php\\\/el-club\\\/\",\"url\":\"https:\\\/\\\/dragonesfc.mx\\\/index.php\\\/el-club\\\/\",\"name\":\"EL CLUB - Tienda Dragones\",\"isPartOf\":{\"@id\":\"https:\\\/\\\/dragonesfc.mx\\\/#website\"},\"datePublished\":\"2023-05-18T18:35:42+00:00\",\"dateModified\":\"2024-08-15T15:24:14+00:00\",\"breadcrumb\":{\"@id\":\"https:\\\/\\\/dragonesfc.mx\\\/index.php\\\/el-club\\\/#breadcrumb\"},\"inLanguage\":\"es\",\"potentialAction\":[{\"@type\":\"ReadAction\",\"target\":[\"https:\\\/\\\/dragonesfc.mx\\\/index.php\\\/el-club\\\/\"]}]},{\"@type\":\"BreadcrumbList\",\"@id\":\"https:\\\/\\\/dragonesfc.mx\\\/index.php\\\/el-club\\\/#breadcrumb\",\"itemListElement\":[{\"@type\":\"ListItem\",\"position\":1,\"name\":\"Inicio\",\"item\":\"https:\\\/\\\/dragonesfc.mx\\\/\"},{\"@type\":\"ListItem\",\"position\":2,\"name\":\"EL CLUB\"}]},{\"@type\":\"WebSite\",\"@id\":\"https:\\\/\\\/dragonesfc.mx\\\/#website\",\"url\":\"https:\\\/\\\/dragonesfc.mx\\\/\",\"name\":\"Tienda Dragones\",\"description\":\"Instituci\u00f3n oaxaque\u00f1a dedicada a la ense\u00f1anza del futbol. Fundada en 2018, esta organizaci\u00f3n cuenta con 2 equipos en la Tercera Divisi\u00f3n Profesional de la Federaci\u00f3n Mexicana de Futbol, adem\u00e1s de seis academias en Tlalixtac, Zimatl\u00e1n, Cuilapam, Ocotl\u00e1n, Tamazulapam y Huatulco.\",\"potentialAction\":[{\"@type\":\"SearchAction\",\"target\":{\"@type\":\"EntryPoint\",\"urlTemplate\":\"https:\\\/\\\/dragonesfc.mx\\\/?s={search_term_string}\"},\"query-input\":{\"@type\":\"PropertyValueSpecification\",\"valueRequired\":true,\"valueName\":\"search_term_string\"}}],\"inLanguage\":\"es\"}]}<\/script>\n<!-- \/ Yoast SEO plugin. -->","yoast_head_json":{"title":"EL CLUB - Tienda Dragones","robots":{"index":"index","follow":"follow","max-snippet":"max-snippet:-1","max-image-preview":"max-image-preview:large","max-video-preview":"max-video-preview:-1"},"canonical":"https:\/\/dragonesfc.mx\/index.php\/el-club\/","og_locale":"es_MX","og_type":"article","og_title":"EL CLUB - Tienda Dragones","og_url":"https:\/\/dragonesfc.mx\/index.php\/el-club\/","og_site_name":"Tienda Dragones","article_modified_time":"2024-08-15T15:24:14+00:00","twitter_card":"summary_large_image","twitter_misc":{"Tiempo de lectura":"25 minutos"},"schema":{"@context":"https:\/\/schema.org","@graph":[{"@type":"WebPage","@id":"https:\/\/dragonesfc.mx\/index.php\/el-club\/","url":"https:\/\/dragonesfc.mx\/index.php\/el-club\/","name":"EL CLUB - Tienda Dragones","isPartOf":{"@id":"https:\/\/dragonesfc.mx\/#website"},"datePublished":"2023-05-18T18:35:42+00:00","dateModified":"2024-08-15T15:24:14+00:00","breadcrumb":{"@id":"https:\/\/dragonesfc.mx\/index.php\/el-club\/#breadcrumb"},"inLanguage":"es","potentialAction":[{"@type":"ReadAction","target":["https:\/\/dragonesfc.mx\/index.php\/el-club\/"]}]},{"@type":"BreadcrumbList","@id":"https:\/\/dragonesfc.mx\/index.php\/el-club\/#breadcrumb","itemListElement":[{"@type":"ListItem","position":1,"name":"Inicio","item":"https:\/\/dragonesfc.mx\/"},{"@type":"ListItem","position":2,"name":"EL CLUB"}]},{"@type":"WebSite","@id":"https:\/\/dragonesfc.mx\/#website","url":"https:\/\/dragonesfc.mx\/","name":"Tienda Dragones","description":"Instituci\u00f3n oaxaque\u00f1a dedicada a la ense\u00f1anza del futbol. Fundada en 2018, esta organizaci\u00f3n cuenta con 2 equipos en la Tercera Divisi\u00f3n Profesional de la Federaci\u00f3n Mexicana de Futbol, adem\u00e1s de seis academias en Tlalixtac, Zimatl\u00e1n, Cuilapam, Ocotl\u00e1n, Tamazulapam y Huatulco.","potentialAction":[{"@type":"SearchAction","target":{"@type":"EntryPoint","urlTemplate":"https:\/\/dragonesfc.mx\/?s={search_term_string}"},"query-input":{"@type":"PropertyValueSpecification","valueRequired":true,"valueName":"search_term_string"}}],"inLanguage":"es"}]}},"jetpack_sharing_enabled":true,"_links":{"self":[{"href":"https:\/\/dragonesfc.mx\/index.php\/wp-json\/wp\/v2\/pages\/220","targetHints":{"allow":["GET"]}}],"collection":[{"href":"https:\/\/dragonesfc.mx\/index.php\/wp-json\/wp\/v2\/pages"}],"about":[{"href":"https:\/\/dragonesfc.mx\/index.php\/wp-json\/wp\/v2\/types\/page"}],"author":[{"embeddable":true,"href":"https:\/\/dragonesfc.mx\/index.php\/wp-json\/wp\/v2\/users\/1"}],"replies":[{"embeddable":true,"href":"https:\/\/dragonesfc.mx\/index.php\/wp-json\/wp\/v2\/comments?post=220"}],"version-history":[{"count":38,"href":"https:\/\/dragonesfc.mx\/index.php\/wp-json\/wp\/v2\/pages\/220\/revisions"}],"predecessor-version":[{"id":1445,"href":"https:\/\/dragonesfc.mx\/index.php\/wp-json\/wp\/v2\/pages\/220\/revisions\/1445"}],"wp:attachment":[{"href":"https:\/\/dragonesfc.mx\/index.php\/wp-json\/wp\/v2\/media?parent=220"}],"curies":[{"name":"wp","href":"https:\/\/api.w.org\/{rel}","templated":true}]}}