{"id":3,"date":"2023-05-11T19:22:41","date_gmt":"2023-05-11T19:22:41","guid":{"rendered":"http:\/\/dragonesfc.mx\/?page_id=3"},"modified":"2023-06-21T14:27:34","modified_gmt":"2023-06-21T19:27:34","slug":"politica-privacidad","status":"publish","type":"page","link":"https:\/\/dragonesfc.mx\/index.php\/politica-privacidad\/","title":{"rendered":"Aviso de privacidad"},"content":{"rendered":"\r\n<p>El presente Aviso de Privacidad establece los t\u00e9rminos y condiciones bajo los cuales Dragones de Oaxaca Futbol Club A.C. (&#8220;nosotros&#8221; o &#8220;el responsable&#8221;) recopila, utiliza, protege y divulga los datos personales que usted (&#8220;usted&#8221; o &#8220;el titular&#8221;) proporciona al acceder y utilizar nuestros servicios, de conformidad con la Ley Federal de Protecci\u00f3n de Datos Personales en Posesi\u00f3n de los Particulares (LFPDPPP) y su Reglamento.<\/p>\r\n<ol>\r\n<li><strong>Responsable de los datos personales<\/strong><\/li>\r\n<\/ol>\r\n<p>El responsable de la recopilaci\u00f3n y tratamiento de sus datos personales es Dragones de Oaxaca Futbol Club A.C., con domicilio en Constituci\u00f3n, San Antonio 7ma Secc, 68270 Tlalixtac de Cabrera, Oaxaca, M\u00e9xico.<\/p>\r\n<ol start=\"2\">\r\n<li><strong>Datos personales recopilados<\/strong><\/li>\r\n<\/ol>\r\n<p>Los datos personales que podemos recopilar incluyen, entre otros, los siguientes:<\/p>\r\n<ul>\r\n<li>Nombre completo.<\/li>\r\n<li>Direcci\u00f3n de correo electr\u00f3nico.<\/li>\r\n<li>N\u00famero de tel\u00e9fono.<\/li>\r\n<li>Datos de fecha de nacimiento.<\/li>\r\n<li>Informaci\u00f3n relacionada con su participaci\u00f3n en torneos o competencias.<\/li>\r\n<li>Informaci\u00f3n sobre preferencias y comportamiento en relaci\u00f3n con nuestros servicios.<\/li>\r\n<\/ul>\r\n<ol start=\"3\">\r\n<li><strong>Finalidades del tratamiento de los datos personales<\/strong><\/li>\r\n<\/ol>\r\n<p>Los datos personales recopilados ser\u00e1n utilizados con las siguientes finalidades:<\/p>\r\n<ul>\r\n<li>Comunicar pr\u00f3ximas fechas importantes, torneos y competencias.<\/li>\r\n<li>Informar sobre promociones y ofertas relacionadas con nuestros servicios.<\/li>\r\n<li>Realizar acciones de mercadotecnia o publicitarias.<\/li>\r\n<li>Realizar prospecci\u00f3n comercial.<\/li>\r\n<\/ul>\r\n<ol start=\"4\">\r\n<li><strong>Transferencia de datos personales<\/strong><\/li>\r\n<\/ol>\r\n<p>Sus datos personales podr\u00e1n ser compartidos con terceros \u00fanicamente en los siguientes casos:<\/p>\r\n<ul>\r\n<li>Cuando sea necesario para cumplir con las finalidades descritas en el punto 3.<\/li>\r\n<li>Con su consentimiento expreso.<\/li>\r\n<\/ul>\r\n<ol start=\"5\">\r\n<li><strong>Ejercicio de derechos ARCO<\/strong><\/li>\r\n<\/ol>\r\n<p>Usted tiene el derecho de acceder, rectificar, cancelar u oponerse al uso de sus datos personales. Para ejercer estos derechos, deber\u00e1 presentar una solicitud por escrito a trav\u00e9s de los siguientes medios de contacto:<\/p>\r\n<ul>\r\n<li>Direcci\u00f3n postal: Constituci\u00f3n, San Antonio 7ma Secc, 68270 Tlalixtac de Cabrera, Oaxaca, M\u00e9xico.<\/li>\r\n<li>Correo electr\u00f3nico: <a href=\"mailto:direccion.tdp@dragones.mx\" target=\"_new\" rel=\"noopener\">direccion.tdp@dragones.mx<\/a><\/li>\r\n<li>N\u00famero de tel\u00e9fono: 951 171 5288<\/li>\r\n<\/ul>\r\n<ol start=\"6\">\r\n<li><strong>Medidas de seguridad<\/strong><\/li>\r\n<\/ol>\r\n<p>Hemos implementado medidas de seguridad f\u00edsicas, t\u00e9cnicas y administrativas para proteger sus datos personales y evitar su p\u00e9rdida, uso indebido o acceso no autorizado.<\/p>\r\n<ol start=\"7\">\r\n<li><strong>Cambios al aviso de privacidad<\/strong><\/li>\r\n<\/ol>\r\n<p>Nos reservamos el derecho de realizar cambios o actualizaciones a este aviso de privacidad en cualquier momento. Los cambios ser\u00e1n notificados a trav\u00e9s de nuestros canales de comunicaci\u00f3n habituales.<\/p>\r\n<p>Si tiene alguna pregunta o requiere m\u00e1s informaci\u00f3n sobre el tratamiento de sus datos personales, por favor p\u00f3ngase en contacto con nosotros a trav\u00e9s de los medios indicados anteriormente.<\/p>\r\n<p>Fecha de \u00faltima actualizaci\u00f3n: 21 de junio de 2023<\/p>\r\n<p>Recuerde que este aviso de privacidad es un ejemplo y debe adaptarse a las particularidades de su organizaci\u00f3n. Le recomendamos consultar a un experto legal para garantizar el cumplimiento de todas las obligaciones legales y reglamentarias aplicables en M\u00e9xico.<\/p>\r\n","protected":false},"excerpt":{"rendered":"<p>El presente Aviso de Privacidad establece los t\u00e9rminos y condiciones  [&#8230;]<\/p>\n","protected":false},"author":1,"featured_media":0,"parent":0,"menu_order":0,"comment_status":"closed","ping_status":"open","template":"","meta":{"footnotes":""},"class_list":["post-3","page","type-page","status-publish","hentry"],"yoast_head":"<!-- This site is optimized with the Yoast SEO plugin v27.5 - https:\/\/yoast.com\/product\/yoast-seo-wordpress\/ -->\n<title>Aviso de privacidad - Tienda Dragones<\/title>\n<meta name=\"robots\" content=\"index, follow, max-snippet:-1, max-image-preview:large, max-video-preview:-1\" \/>\n<link rel=\"canonical\" href=\"https:\/\/dragonesfc.mx\/index.php\/politica-privacidad\/\" \/>\n<meta property=\"og:locale\" content=\"es_MX\" \/>\n<meta property=\"og:type\" content=\"article\" \/>\n<meta property=\"og:title\" content=\"Aviso de privacidad - Tienda Dragones\" \/>\n<meta property=\"og:description\" content=\"El presente Aviso de Privacidad establece los t\u00e9rminos y condiciones [...]\" \/>\n<meta property=\"og:url\" content=\"https:\/\/dragonesfc.mx\/index.php\/politica-privacidad\/\" \/>\n<meta property=\"og:site_name\" content=\"Tienda Dragones\" \/>\n<meta property=\"article:modified_time\" content=\"2023-06-21T19:27:34+00:00\" \/>\n<meta name=\"twitter:card\" content=\"summary_large_image\" \/>\n<meta name=\"twitter:label1\" content=\"Tiempo de lectura\" \/>\n\t<meta name=\"twitter:data1\" content=\"2 minutos\" \/>\n<script type=\"application\/ld+json\" class=\"yoast-schema-graph\">{\"@context\":\"https:\\\/\\\/schema.org\",\"@graph\":[{\"@type\":\"WebPage\",\"@id\":\"https:\\\/\\\/dragonesfc.mx\\\/index.php\\\/politica-privacidad\\\/\",\"url\":\"https:\\\/\\\/dragonesfc.mx\\\/index.php\\\/politica-privacidad\\\/\",\"name\":\"Aviso de privacidad - Tienda Dragones\",\"isPartOf\":{\"@id\":\"https:\\\/\\\/dragonesfc.mx\\\/#website\"},\"datePublished\":\"2023-05-11T19:22:41+00:00\",\"dateModified\":\"2023-06-21T19:27:34+00:00\",\"breadcrumb\":{\"@id\":\"https:\\\/\\\/dragonesfc.mx\\\/index.php\\\/politica-privacidad\\\/#breadcrumb\"},\"inLanguage\":\"es\",\"potentialAction\":[{\"@type\":\"ReadAction\",\"target\":[\"https:\\\/\\\/dragonesfc.mx\\\/index.php\\\/politica-privacidad\\\/\"]}]},{\"@type\":\"BreadcrumbList\",\"@id\":\"https:\\\/\\\/dragonesfc.mx\\\/index.php\\\/politica-privacidad\\\/#breadcrumb\",\"itemListElement\":[{\"@type\":\"ListItem\",\"position\":1,\"name\":\"Inicio\",\"item\":\"https:\\\/\\\/dragonesfc.mx\\\/\"},{\"@type\":\"ListItem\",\"position\":2,\"name\":\"Aviso de privacidad\"}]},{\"@type\":\"WebSite\",\"@id\":\"https:\\\/\\\/dragonesfc.mx\\\/#website\",\"url\":\"https:\\\/\\\/dragonesfc.mx\\\/\",\"name\":\"Tienda Dragones\",\"description\":\"Instituci\u00f3n oaxaque\u00f1a dedicada a la ense\u00f1anza del futbol. Fundada en 2018, esta organizaci\u00f3n cuenta con 2 equipos en la Tercera Divisi\u00f3n Profesional de la Federaci\u00f3n Mexicana de Futbol, adem\u00e1s de seis academias en Tlalixtac, Zimatl\u00e1n, Cuilapam, Ocotl\u00e1n, Tamazulapam y Huatulco.\",\"potentialAction\":[{\"@type\":\"SearchAction\",\"target\":{\"@type\":\"EntryPoint\",\"urlTemplate\":\"https:\\\/\\\/dragonesfc.mx\\\/?s={search_term_string}\"},\"query-input\":{\"@type\":\"PropertyValueSpecification\",\"valueRequired\":true,\"valueName\":\"search_term_string\"}}],\"inLanguage\":\"es\"}]}<\/script>\n<!-- \/ Yoast SEO plugin. -->","yoast_head_json":{"title":"Aviso de privacidad - Tienda Dragones","robots":{"index":"index","follow":"follow","max-snippet":"max-snippet:-1","max-image-preview":"max-image-preview:large","max-video-preview":"max-video-preview:-1"},"canonical":"https:\/\/dragonesfc.mx\/index.php\/politica-privacidad\/","og_locale":"es_MX","og_type":"article","og_title":"Aviso de privacidad - Tienda Dragones","og_description":"El presente Aviso de Privacidad establece los t\u00e9rminos y condiciones [...]","og_url":"https:\/\/dragonesfc.mx\/index.php\/politica-privacidad\/","og_site_name":"Tienda Dragones","article_modified_time":"2023-06-21T19:27:34+00:00","twitter_card":"summary_large_image","twitter_misc":{"Tiempo de lectura":"2 minutos"},"schema":{"@context":"https:\/\/schema.org","@graph":[{"@type":"WebPage","@id":"https:\/\/dragonesfc.mx\/index.php\/politica-privacidad\/","url":"https:\/\/dragonesfc.mx\/index.php\/politica-privacidad\/","name":"Aviso de privacidad - Tienda Dragones","isPartOf":{"@id":"https:\/\/dragonesfc.mx\/#website"},"datePublished":"2023-05-11T19:22:41+00:00","dateModified":"2023-06-21T19:27:34+00:00","breadcrumb":{"@id":"https:\/\/dragonesfc.mx\/index.php\/politica-privacidad\/#breadcrumb"},"inLanguage":"es","potentialAction":[{"@type":"ReadAction","target":["https:\/\/dragonesfc.mx\/index.php\/politica-privacidad\/"]}]},{"@type":"BreadcrumbList","@id":"https:\/\/dragonesfc.mx\/index.php\/politica-privacidad\/#breadcrumb","itemListElement":[{"@type":"ListItem","position":1,"name":"Inicio","item":"https:\/\/dragonesfc.mx\/"},{"@type":"ListItem","position":2,"name":"Aviso de privacidad"}]},{"@type":"WebSite","@id":"https:\/\/dragonesfc.mx\/#website","url":"https:\/\/dragonesfc.mx\/","name":"Tienda Dragones","description":"Instituci\u00f3n oaxaque\u00f1a dedicada a la ense\u00f1anza del futbol. Fundada en 2018, esta organizaci\u00f3n cuenta con 2 equipos en la Tercera Divisi\u00f3n Profesional de la Federaci\u00f3n Mexicana de Futbol, adem\u00e1s de seis academias en Tlalixtac, Zimatl\u00e1n, Cuilapam, Ocotl\u00e1n, Tamazulapam y Huatulco.","potentialAction":[{"@type":"SearchAction","target":{"@type":"EntryPoint","urlTemplate":"https:\/\/dragonesfc.mx\/?s={search_term_string}"},"query-input":{"@type":"PropertyValueSpecification","valueRequired":true,"valueName":"search_term_string"}}],"inLanguage":"es"}]}},"jetpack_sharing_enabled":true,"_links":{"self":[{"href":"https:\/\/dragonesfc.mx\/index.php\/wp-json\/wp\/v2\/pages\/3","targetHints":{"allow":["GET"]}}],"collection":[{"href":"https:\/\/dragonesfc.mx\/index.php\/wp-json\/wp\/v2\/pages"}],"about":[{"href":"https:\/\/dragonesfc.mx\/index.php\/wp-json\/wp\/v2\/types\/page"}],"author":[{"embeddable":true,"href":"https:\/\/dragonesfc.mx\/index.php\/wp-json\/wp\/v2\/users\/1"}],"replies":[{"embeddable":true,"href":"https:\/\/dragonesfc.mx\/index.php\/wp-json\/wp\/v2\/comments?post=3"}],"version-history":[{"count":2,"href":"https:\/\/dragonesfc.mx\/index.php\/wp-json\/wp\/v2\/pages\/3\/revisions"}],"predecessor-version":[{"id":796,"href":"https:\/\/dragonesfc.mx\/index.php\/wp-json\/wp\/v2\/pages\/3\/revisions\/796"}],"wp:attachment":[{"href":"https:\/\/dragonesfc.mx\/index.php\/wp-json\/wp\/v2\/media?parent=3"}],"curies":[{"name":"wp","href":"https:\/\/api.w.org\/{rel}","templated":true}]}}