{"id":494,"date":"2023-06-05T17:26:50","date_gmt":"2023-06-05T22:26:50","guid":{"rendered":"https:\/\/dragonesfc.mx\/?page_id=494"},"modified":"2024-01-04T17:19:39","modified_gmt":"2024-01-04T23:19:39","slug":"eventos","status":"publish","type":"page","link":"https:\/\/dragonesfc.mx\/index.php\/academia\/eventos\/","title":{"rendered":"Clase de prueba"},"content":{"rendered":"<p><div class=\"fusion-fullwidth fullwidth-box fusion-builder-row-1 fusion-flex-container has-pattern-background has-mask-background nonhundred-percent-fullwidth non-hundred-percent-height-scrolling\" style=\"--awb-border-radius-top-left:0px;--awb-border-radius-top-right:0px;--awb-border-radius-bottom-right:0px;--awb-border-radius-bottom-left:0px;--awb-padding-bottom:70px;--awb-flex-wrap:wrap;\" ><div class=\"fusion-builder-row fusion-row fusion-flex-align-items-flex-start fusion-flex-content-wrap\" style=\"max-width:1185.6px;margin-left: calc(-4% \/ 2 );margin-right: calc(-4% \/ 2 );\"><div class=\"fusion-layout-column fusion_builder_column fusion-builder-column-0 fusion_builder_column_1_1 1_1 fusion-flex-column\" style=\"--awb-bg-size:cover;--awb-width-large:100%;--awb-margin-top-large:0px;--awb-spacing-right-large:1.92%;--awb-margin-bottom-large:20px;--awb-spacing-left-large:1.92%;--awb-width-medium:100%;--awb-order-medium:0;--awb-spacing-right-medium:1.92%;--awb-spacing-left-medium:1.92%;--awb-width-small:100%;--awb-order-small:0;--awb-spacing-right-small:1.92%;--awb-spacing-left-small:1.92%;\"><div class=\"fusion-column-wrapper fusion-column-has-shadow fusion-flex-justify-content-flex-start fusion-content-layout-column\"><div class=\"fusion-text fusion-text-1\" style=\"--awb-font-size:var(--awb-typography1-font-size);--awb-line-height:var(--awb-typography1-line-height);--awb-letter-spacing:1px;--awb-text-transform:var(--awb-typography1-text-transform);--awb-text-font-family:var(--awb-typography1-font-family);--awb-text-font-weight:var(--awb-typography1-font-weight);--awb-text-font-style:var(--awb-typography1-font-style);\"><p>\u00a1Agenda tu clase muestra gratis!<\/p>\n<\/div><div class=\"fusion-text fusion-text-2\"><iframe src=\"https:\/\/dragonesfc.mx\/wp-json\/ssa\/v1\/embed-inner?integration&type&label&types&edit&view&payment_provider&ssa_locale=es_MX&ssa_is_rtl&sid=5c3cc1f8233355120af0b9bbe2b0ddb3315f84c1&availability_start_date&availability_end_date&suggest_first_available&suggest_first_available_within_minutes&flow&fallback_flow&time_view&date_view&appointment_types_view&version&accent_color&background&padding&font&booking_url=https%3A%2F%2Fdragonesfc.mx%2Findex.php%2Facademia%2Feventos%2F&booking_post_id=494&booking_title=Clase+de+prueba&_wpnonce=00d36fbc86&redirect_post_id&defer&hide_header&mepr_membership_id#\/\" height=\"400px\" width=\"100%\" name=\"ssa_booking\" loading=\"eager\" frameborder=\"0\" data-skip-lazy=\"1\" class=\"ssa_booking_iframe skip-lazy\" title=\"Reservar un horario\"><\/iframe>\n<\/div><\/div><\/div><\/div><\/div><div class=\"fusion-fullwidth fullwidth-box fusion-builder-row-2 fusion-flex-container has-pattern-background has-mask-background nonhundred-percent-fullwidth non-hundred-percent-height-scrolling\" style=\"--awb-border-radius-top-left:0px;--awb-border-radius-top-right:0px;--awb-border-radius-bottom-right:0px;--awb-border-radius-bottom-left:0px;--awb-padding-bottom-small:0px;--awb-margin-bottom-small:0px;--awb-flex-wrap:wrap;\" id=\"contacto\" ><div class=\"fusion-builder-row fusion-row fusion-flex-align-items-flex-start fusion-flex-content-wrap\" style=\"max-width:1185.6px;margin-left: calc(-4% \/ 2 );margin-right: calc(-4% \/ 2 );\"><div class=\"fusion-layout-column fusion_builder_column fusion-builder-column-1 fusion_builder_column_1_1 1_1 fusion-flex-column\" style=\"--awb-bg-size:cover;--awb-width-large:100%;--awb-margin-top-large:0px;--awb-spacing-right-large:1.92%;--awb-margin-bottom-large:20px;--awb-spacing-left-large:1.92%;--awb-width-medium:100%;--awb-order-medium:0;--awb-spacing-right-medium:1.92%;--awb-spacing-left-medium:1.92%;--awb-width-small:100%;--awb-order-small:0;--awb-spacing-right-small:1.92%;--awb-spacing-left-small:1.92%;\"><div class=\"fusion-column-wrapper fusion-column-has-shadow fusion-flex-justify-content-flex-start fusion-content-layout-column\"><div class=\"fusion-builder-row fusion-builder-row-inner fusion-row fusion-flex-align-items-flex-start fusion-flex-content-wrap\" style=\"width:104% !important;max-width:104% !important;margin-left: calc(-4% \/ 2 );margin-right: calc(-4% \/ 2 );\"><div class=\"fusion-layout-column fusion_builder_column_inner fusion-builder-nested-column-0 fusion_builder_column_inner_1_2 1_2 fusion-flex-column\" style=\"--awb-padding-top:15px;--awb-padding-right:15px;--awb-padding-bottom:15px;--awb-padding-left:15px;--awb-bg-color:rgba(234,219,197,0);--awb-bg-color-hover:rgba(234,219,197,0);--awb-bg-size:cover;--awb-width-large:50%;--awb-margin-top-large:20px;--awb-spacing-right-large:3.84%;--awb-margin-bottom-large:20px;--awb-spacing-left-large:3.84%;--awb-width-medium:50%;--awb-order-medium:0;--awb-spacing-right-medium:3.84%;--awb-spacing-left-medium:3.84%;--awb-width-small:100%;--awb-order-small:1;--awb-spacing-right-small:1.92%;--awb-spacing-left-small:1.92%;\" data-scroll-devices=\"small-visibility,medium-visibility,large-visibility\"><div class=\"fusion-column-wrapper fusion-column-has-shadow fusion-flex-justify-content-flex-start fusion-content-layout-column\"><div class=\"fusion-text fusion-text-3\"><div style=\"max-width: 100%; list-style: none; transition: none; overflow: hidden; width: 500px; height: 500px;\">\n<div id=\"embed-ded-map-canvas\" style=\"height: 400px; width: 100%; max-width: 100%;\">\n<p><iframe style=\"height: 400px; width: 100%; border: 0;\" src=\"https:\/\/www.google.com\/maps\/embed\/v1\/place?q=Complejo+Deportivo+DRAGONES+FC,+Constituci\u00f3n,+San+Antonio+7ma+Secci\u00f3n,+Tlalixtac+de+Cabrera,+Oaxaca,+Mexico&amp;key=AIzaSyBFw0Qbyq9zTFTd-tUY6dZWTgaQzuU17R8\" frameborder=\"0\"><\/iframe><\/p>\n<\/div>\n<\/div>\n<\/div><\/div><\/div><div class=\"fusion-layout-column fusion_builder_column_inner fusion-builder-nested-column-1 fusion_builder_column_inner_1_2 1_2 fusion-flex-column\" style=\"--awb-padding-top:15px;--awb-padding-right:15px;--awb-padding-bottom:15px;--awb-padding-left:15px;--awb-bg-color:rgba(234,219,197,0);--awb-bg-color-hover:rgba(234,219,197,0);--awb-bg-size:cover;--awb-width-large:50%;--awb-margin-top-large:20px;--awb-spacing-right-large:3.84%;--awb-margin-bottom-large:20px;--awb-spacing-left-large:3.84%;--awb-width-medium:50%;--awb-order-medium:0;--awb-spacing-right-medium:3.84%;--awb-spacing-left-medium:3.84%;--awb-width-small:100%;--awb-order-small:0;--awb-spacing-right-small:1.92%;--awb-spacing-left-small:1.92%;\"><div class=\"fusion-column-wrapper fusion-column-has-shadow fusion-flex-justify-content-flex-start fusion-content-layout-column\"><div class=\"fusion-text fusion-text-4\" style=\"--awb-font-size:var(--awb-typography1-font-size);--awb-line-height:var(--awb-typography1-line-height);--awb-letter-spacing:1px;--awb-text-transform:var(--awb-typography1-text-transform);--awb-text-font-family:var(--awb-typography1-font-family);--awb-text-font-weight:var(--awb-typography1-font-weight);--awb-text-font-style:var(--awb-typography1-font-style);\"><p>CONTACTO<\/p>\n<\/div><ul style=\"--awb-line-height:27.2px;--awb-icon-width:27.2px;--awb-icon-height:27.2px;--awb-icon-margin:11.2px;--awb-content-margin:38.4px;--awb-circlecolor:var(--awb-color4);--awb-circle-yes-font-size:14.08px;\" class=\"fusion-checklist fusion-checklist-1 fusion-checklist-default type-icons\"><li class=\"fusion-li-item\" style=\"--awb-circlecolor:var(--awb-color1);--awb-iconcolor:var(--awb-color7);\"><span class=\"icon-wrapper circle-yes\"><i class=\"fusion-li-icon fa-phone-alt fas\" aria-hidden=\"true\"><\/i><\/span><div class=\"fusion-li-item-content\">\n<p><strong>Atenci\u00f3n al p\u00fablico:<\/strong> 951 171 5288<\/p>\n<\/div><\/li><li class=\"fusion-li-item\" style=\"--awb-circlecolor:var(--awb-color1);--awb-iconcolor:var(--awb-color7);\"><span class=\"icon-wrapper circle-yes\"><i class=\"fusion-li-icon fa-phone-alt fas\" aria-hidden=\"true\"><\/i><\/span><div class=\"fusion-li-item-content\">\n<p><strong>Coordinaci\u00f3n:<\/strong> 55 6624 4851<\/p>\n<\/div><\/li><li class=\"fusion-li-item\" style=\"--awb-circlecolor:var(--awb-color1);--awb-iconcolor:var(--awb-color7);\"><span class=\"icon-wrapper circle-yes\"><i class=\"fusion-li-icon fa-envelope fas\" aria-hidden=\"true\"><\/i><\/span><div class=\"fusion-li-item-content\">\n<p><strong>Correo:<\/strong> academia@dragonesfc.mx<\/p>\n<\/div><\/li><li class=\"fusion-li-item\" style=\"--awb-circlecolor:var(--awb-color1);--awb-iconcolor:var(--awb-color7);\"><span class=\"icon-wrapper circle-yes\"><i class=\"fusion-li-icon fa-map-marker fas\" aria-hidden=\"true\"><\/i><\/span><div class=\"fusion-li-item-content\">\n<p><strong>Sede:<\/strong> Complejo Deportivo Dragones.<br \/>\nConstituci\u00f3n, San Antonio 7ma Secc, 68270 Tlalixtac de Cabrera, Oaxaca, M\u00e9xico.<\/p>\n<\/div><\/li><\/ul><div class=\"fusion-text fusion-text-5\" style=\"--awb-margin-top:30px;\"><p><a href=\"https:\/\/www.facebook.com\/DragonesAcademia\" target=\"_blank\" rel=\"noopener\"><img decoding=\"async\" class=\"alignnone wp-image-203\" style=\"width: 40px;\" src=\"http:\/\/dragonesfc.mx\/wp-content\/uploads\/2023\/05\/rrss-facebook.svg\" alt=\"\" \/>\u00a0<\/a> \u00a0 <a href=\"https:\/\/www.instagram.com\/academiadragonesfc\/\" target=\"_blank\" rel=\"noopener\">\u00a0<img decoding=\"async\" class=\"alignnone wp-image-203\" style=\"width: 40px;\" src=\"http:\/\/dragonesfc.mx\/wp-content\/uploads\/2023\/05\/rrss-instagram.svg\" alt=\"\" \/><\/a><\/p>\n<\/div><\/div><\/div><\/div><\/div><\/div><\/div><\/div><\/p>\n","protected":false},"excerpt":{"rendered":"","protected":false},"author":1,"featured_media":423,"parent":319,"menu_order":0,"comment_status":"closed","ping_status":"closed","template":"100-width.php","meta":{"footnotes":""},"class_list":["post-494","page","type-page","status-publish","has-post-thumbnail","hentry"],"yoast_head":"<!-- This site is optimized with the Yoast SEO plugin v27.5 - https:\/\/yoast.com\/product\/yoast-seo-wordpress\/ -->\n<title>Clase de prueba - Tienda Dragones<\/title>\n<meta name=\"robots\" content=\"index, follow, max-snippet:-1, max-image-preview:large, max-video-preview:-1\" \/>\n<link rel=\"canonical\" href=\"https:\/\/dragonesfc.mx\/index.php\/academia\/eventos\/\" \/>\n<meta property=\"og:locale\" content=\"es_MX\" \/>\n<meta property=\"og:type\" content=\"article\" \/>\n<meta property=\"og:title\" content=\"Clase de prueba - Tienda Dragones\" \/>\n<meta property=\"og:url\" content=\"https:\/\/dragonesfc.mx\/index.php\/academia\/eventos\/\" \/>\n<meta property=\"og:site_name\" content=\"Tienda Dragones\" \/>\n<meta property=\"article:modified_time\" content=\"2024-01-04T23:19:39+00:00\" \/>\n<meta property=\"og:image\" content=\"http:\/\/dragonesfc.mx\/wp-content\/uploads\/2023\/05\/academia1.jpg\" \/>\n\t<meta property=\"og:image:width\" content=\"1400\" \/>\n\t<meta property=\"og:image:height\" content=\"933\" \/>\n\t<meta property=\"og:image:type\" content=\"image\/jpeg\" \/>\n<meta name=\"twitter:card\" content=\"summary_large_image\" \/>\n<meta name=\"twitter:label1\" content=\"Tiempo de lectura\" \/>\n\t<meta name=\"twitter:data1\" content=\"4 minutos\" \/>\n<script type=\"application\/ld+json\" class=\"yoast-schema-graph\">{\"@context\":\"https:\\\/\\\/schema.org\",\"@graph\":[{\"@type\":\"WebPage\",\"@id\":\"https:\\\/\\\/dragonesfc.mx\\\/index.php\\\/academia\\\/eventos\\\/\",\"url\":\"https:\\\/\\\/dragonesfc.mx\\\/index.php\\\/academia\\\/eventos\\\/\",\"name\":\"Clase de prueba - Tienda Dragones\",\"isPartOf\":{\"@id\":\"https:\\\/\\\/dragonesfc.mx\\\/#website\"},\"primaryImageOfPage\":{\"@id\":\"https:\\\/\\\/dragonesfc.mx\\\/index.php\\\/academia\\\/eventos\\\/#primaryimage\"},\"image\":{\"@id\":\"https:\\\/\\\/dragonesfc.mx\\\/index.php\\\/academia\\\/eventos\\\/#primaryimage\"},\"thumbnailUrl\":\"https:\\\/\\\/dragonesfc.mx\\\/wp-content\\\/uploads\\\/2023\\\/05\\\/academia1.jpg\",\"datePublished\":\"2023-06-05T22:26:50+00:00\",\"dateModified\":\"2024-01-04T23:19:39+00:00\",\"breadcrumb\":{\"@id\":\"https:\\\/\\\/dragonesfc.mx\\\/index.php\\\/academia\\\/eventos\\\/#breadcrumb\"},\"inLanguage\":\"es\",\"potentialAction\":[{\"@type\":\"ReadAction\",\"target\":[\"https:\\\/\\\/dragonesfc.mx\\\/index.php\\\/academia\\\/eventos\\\/\"]}]},{\"@type\":\"ImageObject\",\"inLanguage\":\"es\",\"@id\":\"https:\\\/\\\/dragonesfc.mx\\\/index.php\\\/academia\\\/eventos\\\/#primaryimage\",\"url\":\"https:\\\/\\\/dragonesfc.mx\\\/wp-content\\\/uploads\\\/2023\\\/05\\\/academia1.jpg\",\"contentUrl\":\"https:\\\/\\\/dragonesfc.mx\\\/wp-content\\\/uploads\\\/2023\\\/05\\\/academia1.jpg\",\"width\":1400,\"height\":933},{\"@type\":\"BreadcrumbList\",\"@id\":\"https:\\\/\\\/dragonesfc.mx\\\/index.php\\\/academia\\\/eventos\\\/#breadcrumb\",\"itemListElement\":[{\"@type\":\"ListItem\",\"position\":1,\"name\":\"Inicio\",\"item\":\"https:\\\/\\\/dragonesfc.mx\\\/\"},{\"@type\":\"ListItem\",\"position\":2,\"name\":\"ACADEMIA\",\"item\":\"https:\\\/\\\/dragonesfc.mx\\\/index.php\\\/academia\\\/\"},{\"@type\":\"ListItem\",\"position\":3,\"name\":\"Clase de prueba\"}]},{\"@type\":\"WebSite\",\"@id\":\"https:\\\/\\\/dragonesfc.mx\\\/#website\",\"url\":\"https:\\\/\\\/dragonesfc.mx\\\/\",\"name\":\"Tienda Dragones\",\"description\":\"Instituci\u00f3n oaxaque\u00f1a dedicada a la ense\u00f1anza del futbol. Fundada en 2018, esta organizaci\u00f3n cuenta con 2 equipos en la Tercera Divisi\u00f3n Profesional de la Federaci\u00f3n Mexicana de Futbol, adem\u00e1s de seis academias en Tlalixtac, Zimatl\u00e1n, Cuilapam, Ocotl\u00e1n, Tamazulapam y Huatulco.\",\"potentialAction\":[{\"@type\":\"SearchAction\",\"target\":{\"@type\":\"EntryPoint\",\"urlTemplate\":\"https:\\\/\\\/dragonesfc.mx\\\/?s={search_term_string}\"},\"query-input\":{\"@type\":\"PropertyValueSpecification\",\"valueRequired\":true,\"valueName\":\"search_term_string\"}}],\"inLanguage\":\"es\"}]}<\/script>\n<!-- \/ Yoast SEO plugin. -->","yoast_head_json":{"title":"Clase de prueba - Tienda Dragones","robots":{"index":"index","follow":"follow","max-snippet":"max-snippet:-1","max-image-preview":"max-image-preview:large","max-video-preview":"max-video-preview:-1"},"canonical":"https:\/\/dragonesfc.mx\/index.php\/academia\/eventos\/","og_locale":"es_MX","og_type":"article","og_title":"Clase de prueba - Tienda Dragones","og_url":"https:\/\/dragonesfc.mx\/index.php\/academia\/eventos\/","og_site_name":"Tienda Dragones","article_modified_time":"2024-01-04T23:19:39+00:00","og_image":[{"width":1400,"height":933,"url":"http:\/\/dragonesfc.mx\/wp-content\/uploads\/2023\/05\/academia1.jpg","type":"image\/jpeg"}],"twitter_card":"summary_large_image","twitter_misc":{"Tiempo de lectura":"4 minutos"},"schema":{"@context":"https:\/\/schema.org","@graph":[{"@type":"WebPage","@id":"https:\/\/dragonesfc.mx\/index.php\/academia\/eventos\/","url":"https:\/\/dragonesfc.mx\/index.php\/academia\/eventos\/","name":"Clase de prueba - Tienda Dragones","isPartOf":{"@id":"https:\/\/dragonesfc.mx\/#website"},"primaryImageOfPage":{"@id":"https:\/\/dragonesfc.mx\/index.php\/academia\/eventos\/#primaryimage"},"image":{"@id":"https:\/\/dragonesfc.mx\/index.php\/academia\/eventos\/#primaryimage"},"thumbnailUrl":"https:\/\/dragonesfc.mx\/wp-content\/uploads\/2023\/05\/academia1.jpg","datePublished":"2023-06-05T22:26:50+00:00","dateModified":"2024-01-04T23:19:39+00:00","breadcrumb":{"@id":"https:\/\/dragonesfc.mx\/index.php\/academia\/eventos\/#breadcrumb"},"inLanguage":"es","potentialAction":[{"@type":"ReadAction","target":["https:\/\/dragonesfc.mx\/index.php\/academia\/eventos\/"]}]},{"@type":"ImageObject","inLanguage":"es","@id":"https:\/\/dragonesfc.mx\/index.php\/academia\/eventos\/#primaryimage","url":"https:\/\/dragonesfc.mx\/wp-content\/uploads\/2023\/05\/academia1.jpg","contentUrl":"https:\/\/dragonesfc.mx\/wp-content\/uploads\/2023\/05\/academia1.jpg","width":1400,"height":933},{"@type":"BreadcrumbList","@id":"https:\/\/dragonesfc.mx\/index.php\/academia\/eventos\/#breadcrumb","itemListElement":[{"@type":"ListItem","position":1,"name":"Inicio","item":"https:\/\/dragonesfc.mx\/"},{"@type":"ListItem","position":2,"name":"ACADEMIA","item":"https:\/\/dragonesfc.mx\/index.php\/academia\/"},{"@type":"ListItem","position":3,"name":"Clase de prueba"}]},{"@type":"WebSite","@id":"https:\/\/dragonesfc.mx\/#website","url":"https:\/\/dragonesfc.mx\/","name":"Tienda Dragones","description":"Instituci\u00f3n oaxaque\u00f1a dedicada a la ense\u00f1anza del futbol. Fundada en 2018, esta organizaci\u00f3n cuenta con 2 equipos en la Tercera Divisi\u00f3n Profesional de la Federaci\u00f3n Mexicana de Futbol, adem\u00e1s de seis academias en Tlalixtac, Zimatl\u00e1n, Cuilapam, Ocotl\u00e1n, Tamazulapam y Huatulco.","potentialAction":[{"@type":"SearchAction","target":{"@type":"EntryPoint","urlTemplate":"https:\/\/dragonesfc.mx\/?s={search_term_string}"},"query-input":{"@type":"PropertyValueSpecification","valueRequired":true,"valueName":"search_term_string"}}],"inLanguage":"es"}]}},"jetpack_sharing_enabled":true,"_links":{"self":[{"href":"https:\/\/dragonesfc.mx\/index.php\/wp-json\/wp\/v2\/pages\/494","targetHints":{"allow":["GET"]}}],"collection":[{"href":"https:\/\/dragonesfc.mx\/index.php\/wp-json\/wp\/v2\/pages"}],"about":[{"href":"https:\/\/dragonesfc.mx\/index.php\/wp-json\/wp\/v2\/types\/page"}],"author":[{"embeddable":true,"href":"https:\/\/dragonesfc.mx\/index.php\/wp-json\/wp\/v2\/users\/1"}],"replies":[{"embeddable":true,"href":"https:\/\/dragonesfc.mx\/index.php\/wp-json\/wp\/v2\/comments?post=494"}],"version-history":[{"count":12,"href":"https:\/\/dragonesfc.mx\/index.php\/wp-json\/wp\/v2\/pages\/494\/revisions"}],"predecessor-version":[{"id":1176,"href":"https:\/\/dragonesfc.mx\/index.php\/wp-json\/wp\/v2\/pages\/494\/revisions\/1176"}],"up":[{"embeddable":true,"href":"https:\/\/dragonesfc.mx\/index.php\/wp-json\/wp\/v2\/pages\/319"}],"wp:featuredmedia":[{"embeddable":true,"href":"https:\/\/dragonesfc.mx\/index.php\/wp-json\/wp\/v2\/media\/423"}],"wp:attachment":[{"href":"https:\/\/dragonesfc.mx\/index.php\/wp-json\/wp\/v2\/media?parent=494"}],"curies":[{"name":"wp","href":"https:\/\/api.w.org\/{rel}","templated":true}]}}