{"id":2573,"date":"2025-06-20T13:58:12","date_gmt":"2025-06-20T19:58:12","guid":{"rendered":"https:\/\/dragonesfc.mx\/index.php\/product\/retro-glass-jug-330-ml\/"},"modified":"2025-06-26T00:23:53","modified_gmt":"2025-06-26T06:23:53","slug":"retro-glass-jug-330-ml","status":"publish","type":"product","link":"https:\/\/dragonesfc.mx\/index.php\/product\/retro-glass-jug-330-ml\/","title":{"rendered":"Bolsa de manta"},"content":{"rendered":"<p>Bolsa ecol\u00f3gica de tela resistente con dise\u00f1o Drag\u00f3n. Ideal para uso diario, compras o eventos del club. \u00a1Lleva el esp\u00edritu Drag\u00f3n contigo a donde vayas!<\/p>\n","protected":false},"excerpt":{"rendered":"<p>Bolsa ecol\u00f3gica de tela resistente con dise\u00f1o Drag\u00f3n. Ideal para uso diario, compras o eventos del club. \u00a1Lleva el esp\u00edritu Drag\u00f3n contigo a donde vayas!<\/p>\n","protected":false},"featured_media":2651,"comment_status":"open","ping_status":"closed","template":"","meta":[],"product_brand":[],"product_cat":[259,266],"product_tag":[],"class_list":{"0":"post-2573","1":"product","2":"type-product","3":"status-publish","4":"has-post-thumbnail","6":"product_cat-bolsas-y-mochilas","7":"product_cat-marca-dragon","9":"first","10":"instock","11":"taxable","12":"shipping-taxable","13":"purchasable","14":"product-type-simple"},"yoast_head":"<!-- This site is optimized with the Yoast SEO plugin v27.5 - https:\/\/yoast.com\/product\/yoast-seo-wordpress\/ -->\n<title>Bolsa de manta - Tienda Dragones<\/title>\n<meta name=\"robots\" content=\"index, follow, max-snippet:-1, max-image-preview:large, max-video-preview:-1\" \/>\n<link rel=\"canonical\" href=\"https:\/\/dragonesfc.mx\/index.php\/product\/retro-glass-jug-330-ml\/\" \/>\n<meta property=\"og:locale\" content=\"es_MX\" \/>\n<meta property=\"og:type\" content=\"article\" \/>\n<meta property=\"og:title\" content=\"Bolsa de manta - Tienda Dragones\" \/>\n<meta property=\"og:description\" content=\"Bolsa ecol\u00f3gica de tela resistente con dise\u00f1o Drag\u00f3n. Ideal para uso diario, compras o eventos del club. \u00a1Lleva el esp\u00edritu Drag\u00f3n contigo a donde vayas!\" \/>\n<meta property=\"og:url\" content=\"https:\/\/dragonesfc.mx\/index.php\/product\/retro-glass-jug-330-ml\/\" \/>\n<meta property=\"og:site_name\" content=\"Tienda Dragones\" \/>\n<meta property=\"article:modified_time\" content=\"2025-06-26T06:23:53+00:00\" \/>\n<meta property=\"og:image\" content=\"http:\/\/dragonesfc.mx\/wp-content\/uploads\/2025\/06\/14-1.png\" \/>\n\t<meta property=\"og:image:width\" content=\"1536\" \/>\n\t<meta property=\"og:image:height\" content=\"1536\" \/>\n\t<meta property=\"og:image:type\" content=\"image\/png\" \/>\n<meta name=\"twitter:card\" content=\"summary_large_image\" \/>\n<meta name=\"twitter:label1\" content=\"Tiempo de lectura\" \/>\n\t<meta name=\"twitter:data1\" content=\"1 minuto\" \/>\n<script type=\"application\/ld+json\" class=\"yoast-schema-graph\">{\"@context\":\"https:\\\/\\\/schema.org\",\"@graph\":[{\"@type\":\"WebPage\",\"@id\":\"https:\\\/\\\/dragonesfc.mx\\\/index.php\\\/product\\\/retro-glass-jug-330-ml\\\/\",\"url\":\"https:\\\/\\\/dragonesfc.mx\\\/index.php\\\/product\\\/retro-glass-jug-330-ml\\\/\",\"name\":\"Bolsa de manta - Tienda Dragones\",\"isPartOf\":{\"@id\":\"https:\\\/\\\/dragonesfc.mx\\\/#website\"},\"primaryImageOfPage\":{\"@id\":\"https:\\\/\\\/dragonesfc.mx\\\/index.php\\\/product\\\/retro-glass-jug-330-ml\\\/#primaryimage\"},\"image\":{\"@id\":\"https:\\\/\\\/dragonesfc.mx\\\/index.php\\\/product\\\/retro-glass-jug-330-ml\\\/#primaryimage\"},\"thumbnailUrl\":\"https:\\\/\\\/dragonesfc.mx\\\/wp-content\\\/uploads\\\/2025\\\/06\\\/14-1.png\",\"datePublished\":\"2025-06-20T19:58:12+00:00\",\"dateModified\":\"2025-06-26T06:23:53+00:00\",\"breadcrumb\":{\"@id\":\"https:\\\/\\\/dragonesfc.mx\\\/index.php\\\/product\\\/retro-glass-jug-330-ml\\\/#breadcrumb\"},\"inLanguage\":\"es\",\"potentialAction\":[{\"@type\":\"ReadAction\",\"target\":[\"https:\\\/\\\/dragonesfc.mx\\\/index.php\\\/product\\\/retro-glass-jug-330-ml\\\/\"]}]},{\"@type\":\"ImageObject\",\"inLanguage\":\"es\",\"@id\":\"https:\\\/\\\/dragonesfc.mx\\\/index.php\\\/product\\\/retro-glass-jug-330-ml\\\/#primaryimage\",\"url\":\"https:\\\/\\\/dragonesfc.mx\\\/wp-content\\\/uploads\\\/2025\\\/06\\\/14-1.png\",\"contentUrl\":\"https:\\\/\\\/dragonesfc.mx\\\/wp-content\\\/uploads\\\/2025\\\/06\\\/14-1.png\",\"width\":1536,\"height\":1536},{\"@type\":\"BreadcrumbList\",\"@id\":\"https:\\\/\\\/dragonesfc.mx\\\/index.php\\\/product\\\/retro-glass-jug-330-ml\\\/#breadcrumb\",\"itemListElement\":[{\"@type\":\"ListItem\",\"position\":1,\"name\":\"Inicio\",\"item\":\"https:\\\/\\\/dragonesfc.mx\\\/\"},{\"@type\":\"ListItem\",\"position\":2,\"name\":\"TIENDRAG\u00d3N\",\"item\":\"https:\\\/\\\/dragonesfc.mx\\\/index.php\\\/shop\\\/\"},{\"@type\":\"ListItem\",\"position\":3,\"name\":\"Bolsa de manta\"}]},{\"@type\":\"WebSite\",\"@id\":\"https:\\\/\\\/dragonesfc.mx\\\/#website\",\"url\":\"https:\\\/\\\/dragonesfc.mx\\\/\",\"name\":\"Tienda Dragones\",\"description\":\"Instituci\u00f3n oaxaque\u00f1a dedicada a la ense\u00f1anza del futbol. Fundada en 2018, esta organizaci\u00f3n cuenta con 2 equipos en la Tercera Divisi\u00f3n Profesional de la Federaci\u00f3n Mexicana de Futbol, adem\u00e1s de seis academias en Tlalixtac, Zimatl\u00e1n, Cuilapam, Ocotl\u00e1n, Tamazulapam y Huatulco.\",\"potentialAction\":[{\"@type\":\"SearchAction\",\"target\":{\"@type\":\"EntryPoint\",\"urlTemplate\":\"https:\\\/\\\/dragonesfc.mx\\\/?s={search_term_string}\"},\"query-input\":{\"@type\":\"PropertyValueSpecification\",\"valueRequired\":true,\"valueName\":\"search_term_string\"}}],\"inLanguage\":\"es\"}]}<\/script>\n<!-- \/ Yoast SEO plugin. -->","yoast_head_json":{"title":"Bolsa de manta - Tienda Dragones","robots":{"index":"index","follow":"follow","max-snippet":"max-snippet:-1","max-image-preview":"max-image-preview:large","max-video-preview":"max-video-preview:-1"},"canonical":"https:\/\/dragonesfc.mx\/index.php\/product\/retro-glass-jug-330-ml\/","og_locale":"es_MX","og_type":"article","og_title":"Bolsa de manta - Tienda Dragones","og_description":"Bolsa ecol\u00f3gica de tela resistente con dise\u00f1o Drag\u00f3n. Ideal para uso diario, compras o eventos del club. \u00a1Lleva el esp\u00edritu Drag\u00f3n contigo a donde vayas!","og_url":"https:\/\/dragonesfc.mx\/index.php\/product\/retro-glass-jug-330-ml\/","og_site_name":"Tienda Dragones","article_modified_time":"2025-06-26T06:23:53+00:00","og_image":[{"width":1536,"height":1536,"url":"http:\/\/dragonesfc.mx\/wp-content\/uploads\/2025\/06\/14-1.png","type":"image\/png"}],"twitter_card":"summary_large_image","twitter_misc":{"Tiempo de lectura":"1 minuto"},"schema":{"@context":"https:\/\/schema.org","@graph":[{"@type":"WebPage","@id":"https:\/\/dragonesfc.mx\/index.php\/product\/retro-glass-jug-330-ml\/","url":"https:\/\/dragonesfc.mx\/index.php\/product\/retro-glass-jug-330-ml\/","name":"Bolsa de manta - Tienda Dragones","isPartOf":{"@id":"https:\/\/dragonesfc.mx\/#website"},"primaryImageOfPage":{"@id":"https:\/\/dragonesfc.mx\/index.php\/product\/retro-glass-jug-330-ml\/#primaryimage"},"image":{"@id":"https:\/\/dragonesfc.mx\/index.php\/product\/retro-glass-jug-330-ml\/#primaryimage"},"thumbnailUrl":"https:\/\/dragonesfc.mx\/wp-content\/uploads\/2025\/06\/14-1.png","datePublished":"2025-06-20T19:58:12+00:00","dateModified":"2025-06-26T06:23:53+00:00","breadcrumb":{"@id":"https:\/\/dragonesfc.mx\/index.php\/product\/retro-glass-jug-330-ml\/#breadcrumb"},"inLanguage":"es","potentialAction":[{"@type":"ReadAction","target":["https:\/\/dragonesfc.mx\/index.php\/product\/retro-glass-jug-330-ml\/"]}]},{"@type":"ImageObject","inLanguage":"es","@id":"https:\/\/dragonesfc.mx\/index.php\/product\/retro-glass-jug-330-ml\/#primaryimage","url":"https:\/\/dragonesfc.mx\/wp-content\/uploads\/2025\/06\/14-1.png","contentUrl":"https:\/\/dragonesfc.mx\/wp-content\/uploads\/2025\/06\/14-1.png","width":1536,"height":1536},{"@type":"BreadcrumbList","@id":"https:\/\/dragonesfc.mx\/index.php\/product\/retro-glass-jug-330-ml\/#breadcrumb","itemListElement":[{"@type":"ListItem","position":1,"name":"Inicio","item":"https:\/\/dragonesfc.mx\/"},{"@type":"ListItem","position":2,"name":"TIENDRAG\u00d3N","item":"https:\/\/dragonesfc.mx\/index.php\/shop\/"},{"@type":"ListItem","position":3,"name":"Bolsa de manta"}]},{"@type":"WebSite","@id":"https:\/\/dragonesfc.mx\/#website","url":"https:\/\/dragonesfc.mx\/","name":"Tienda Dragones","description":"Instituci\u00f3n oaxaque\u00f1a dedicada a la ense\u00f1anza del futbol. Fundada en 2018, esta organizaci\u00f3n cuenta con 2 equipos en la Tercera Divisi\u00f3n Profesional de la Federaci\u00f3n Mexicana de Futbol, adem\u00e1s de seis academias en Tlalixtac, Zimatl\u00e1n, Cuilapam, Ocotl\u00e1n, Tamazulapam y Huatulco.","potentialAction":[{"@type":"SearchAction","target":{"@type":"EntryPoint","urlTemplate":"https:\/\/dragonesfc.mx\/?s={search_term_string}"},"query-input":{"@type":"PropertyValueSpecification","valueRequired":true,"valueName":"search_term_string"}}],"inLanguage":"es"}]}},"jetpack_sharing_enabled":true,"_links":{"self":[{"href":"https:\/\/dragonesfc.mx\/index.php\/wp-json\/wp\/v2\/product\/2573","targetHints":{"allow":["GET"]}}],"collection":[{"href":"https:\/\/dragonesfc.mx\/index.php\/wp-json\/wp\/v2\/product"}],"about":[{"href":"https:\/\/dragonesfc.mx\/index.php\/wp-json\/wp\/v2\/types\/product"}],"replies":[{"embeddable":true,"href":"https:\/\/dragonesfc.mx\/index.php\/wp-json\/wp\/v2\/comments?post=2573"}],"wp:featuredmedia":[{"embeddable":true,"href":"https:\/\/dragonesfc.mx\/index.php\/wp-json\/wp\/v2\/media\/2651"}],"wp:attachment":[{"href":"https:\/\/dragonesfc.mx\/index.php\/wp-json\/wp\/v2\/media?parent=2573"}],"wp:term":[{"taxonomy":"product_brand","embeddable":true,"href":"https:\/\/dragonesfc.mx\/index.php\/wp-json\/wp\/v2\/product_brand?post=2573"},{"taxonomy":"product_cat","embeddable":true,"href":"https:\/\/dragonesfc.mx\/index.php\/wp-json\/wp\/v2\/product_cat?post=2573"},{"taxonomy":"product_tag","embeddable":true,"href":"https:\/\/dragonesfc.mx\/index.php\/wp-json\/wp\/v2\/product_tag?post=2573"}],"curies":[{"name":"wp","href":"https:\/\/api.w.org\/{rel}","templated":true}]}}