{"id":2635,"date":"2025-06-25T22:45:26","date_gmt":"2025-06-26T04:45:26","guid":{"rendered":"https:\/\/dragonesfc.mx\/?post_type=product&#038;p=2635"},"modified":"2025-06-25T22:56:02","modified_gmt":"2025-06-26T04:56:02","slug":"playera-dragon-local","status":"publish","type":"product","link":"https:\/\/dragonesfc.mx\/index.php\/product\/playera-dragon-local\/","title":{"rendered":"Playera Drag\u00f3n Local"},"content":{"rendered":"<p>La camiseta que grita orgullo desde la ra\u00edz. Con dise\u00f1o inspirado en nuestras tierras oaxaque\u00f1as y el fuego que nos define, la <em data-start=\"334\" data-end=\"356\">Playera Drag\u00f3n Local<\/em> es m\u00e1s que uniforme: es identidad. Ll\u00e9vala con el pecho en alto.<\/p>\n","protected":false},"excerpt":{"rendered":"<p>Tu origen, tu escudo, tu piel.<\/p>\n<p>La camiseta que grita orgullo desde la ra\u00edz. Con dise\u00f1o inspirado en nuestras tierras oaxaque\u00f1as y el fuego que nos define, la <em data-start=\"334\" data-end=\"356\">Playera Drag\u00f3n Local<\/em> es m\u00e1s que uniforme: es identidad. Ll\u00e9vala con el pecho en alto.<\/p>\n","protected":false},"featured_media":1435,"comment_status":"open","ping_status":"closed","template":"","meta":[],"product_brand":[],"product_cat":[262],"product_tag":[],"class_list":{"0":"post-2635","1":"product","2":"type-product","3":"status-publish","4":"has-post-thumbnail","6":"product_cat-voltor","8":"first","9":"instock","10":"taxable","11":"shipping-taxable","12":"purchasable","13":"product-type-simple"},"yoast_head":"<!-- This site is optimized with the Yoast SEO plugin v27.5 - https:\/\/yoast.com\/product\/yoast-seo-wordpress\/ -->\n<title>Playera Drag\u00f3n Local - Tienda Dragones<\/title>\n<meta name=\"robots\" content=\"index, follow, max-snippet:-1, max-image-preview:large, max-video-preview:-1\" \/>\n<link rel=\"canonical\" href=\"https:\/\/dragonesfc.mx\/index.php\/product\/playera-dragon-local\/\" \/>\n<meta property=\"og:locale\" content=\"es_MX\" \/>\n<meta property=\"og:type\" content=\"article\" \/>\n<meta property=\"og:title\" content=\"Playera Drag\u00f3n Local - Tienda Dragones\" \/>\n<meta property=\"og:description\" content=\"Tu origen, tu escudo, tu piel.  La camiseta que grita orgullo desde la ra\u00edz. Con dise\u00f1o inspirado en nuestras tierras oaxaque\u00f1as y el fuego que nos define, la Playera Drag\u00f3n Local es m\u00e1s que uniforme: es identidad. Ll\u00e9vala con el pecho en alto.\" \/>\n<meta property=\"og:url\" content=\"https:\/\/dragonesfc.mx\/index.php\/product\/playera-dragon-local\/\" \/>\n<meta property=\"og:site_name\" content=\"Tienda Dragones\" \/>\n<meta property=\"article:modified_time\" content=\"2025-06-26T04:56:02+00:00\" \/>\n<meta property=\"og:image\" content=\"http:\/\/dragonesfc.mx\/wp-content\/uploads\/2024\/07\/9107e2bb-3b57-445a-bd4f-0d68ad96305d-scaled.jpg\" \/>\n\t<meta property=\"og:image:width\" content=\"2048\" \/>\n\t<meta property=\"og:image:height\" content=\"2560\" \/>\n\t<meta property=\"og:image:type\" content=\"image\/jpeg\" \/>\n<meta name=\"twitter:card\" content=\"summary_large_image\" \/>\n<meta name=\"twitter:label1\" content=\"Tiempo de lectura\" \/>\n\t<meta name=\"twitter:data1\" content=\"1 minuto\" \/>\n<script type=\"application\/ld+json\" class=\"yoast-schema-graph\">{\"@context\":\"https:\\\/\\\/schema.org\",\"@graph\":[{\"@type\":\"WebPage\",\"@id\":\"https:\\\/\\\/dragonesfc.mx\\\/index.php\\\/product\\\/playera-dragon-local\\\/\",\"url\":\"https:\\\/\\\/dragonesfc.mx\\\/index.php\\\/product\\\/playera-dragon-local\\\/\",\"name\":\"Playera Drag\u00f3n Local - Tienda Dragones\",\"isPartOf\":{\"@id\":\"https:\\\/\\\/dragonesfc.mx\\\/#website\"},\"primaryImageOfPage\":{\"@id\":\"https:\\\/\\\/dragonesfc.mx\\\/index.php\\\/product\\\/playera-dragon-local\\\/#primaryimage\"},\"image\":{\"@id\":\"https:\\\/\\\/dragonesfc.mx\\\/index.php\\\/product\\\/playera-dragon-local\\\/#primaryimage\"},\"thumbnailUrl\":\"https:\\\/\\\/dragonesfc.mx\\\/wp-content\\\/uploads\\\/2024\\\/07\\\/9107e2bb-3b57-445a-bd4f-0d68ad96305d-scaled.jpg\",\"datePublished\":\"2025-06-26T04:45:26+00:00\",\"dateModified\":\"2025-06-26T04:56:02+00:00\",\"breadcrumb\":{\"@id\":\"https:\\\/\\\/dragonesfc.mx\\\/index.php\\\/product\\\/playera-dragon-local\\\/#breadcrumb\"},\"inLanguage\":\"es\",\"potentialAction\":[{\"@type\":\"ReadAction\",\"target\":[\"https:\\\/\\\/dragonesfc.mx\\\/index.php\\\/product\\\/playera-dragon-local\\\/\"]}]},{\"@type\":\"ImageObject\",\"inLanguage\":\"es\",\"@id\":\"https:\\\/\\\/dragonesfc.mx\\\/index.php\\\/product\\\/playera-dragon-local\\\/#primaryimage\",\"url\":\"https:\\\/\\\/dragonesfc.mx\\\/wp-content\\\/uploads\\\/2024\\\/07\\\/9107e2bb-3b57-445a-bd4f-0d68ad96305d-scaled.jpg\",\"contentUrl\":\"https:\\\/\\\/dragonesfc.mx\\\/wp-content\\\/uploads\\\/2024\\\/07\\\/9107e2bb-3b57-445a-bd4f-0d68ad96305d-scaled.jpg\",\"width\":2048,\"height\":2560},{\"@type\":\"BreadcrumbList\",\"@id\":\"https:\\\/\\\/dragonesfc.mx\\\/index.php\\\/product\\\/playera-dragon-local\\\/#breadcrumb\",\"itemListElement\":[{\"@type\":\"ListItem\",\"position\":1,\"name\":\"Inicio\",\"item\":\"https:\\\/\\\/dragonesfc.mx\\\/\"},{\"@type\":\"ListItem\",\"position\":2,\"name\":\"TIENDRAG\u00d3N\",\"item\":\"https:\\\/\\\/dragonesfc.mx\\\/index.php\\\/shop\\\/\"},{\"@type\":\"ListItem\",\"position\":3,\"name\":\"Playera Drag\u00f3n Local\"}]},{\"@type\":\"WebSite\",\"@id\":\"https:\\\/\\\/dragonesfc.mx\\\/#website\",\"url\":\"https:\\\/\\\/dragonesfc.mx\\\/\",\"name\":\"Tienda Dragones\",\"description\":\"Instituci\u00f3n oaxaque\u00f1a dedicada a la ense\u00f1anza del futbol. Fundada en 2018, esta organizaci\u00f3n cuenta con 2 equipos en la Tercera Divisi\u00f3n Profesional de la Federaci\u00f3n Mexicana de Futbol, adem\u00e1s de seis academias en Tlalixtac, Zimatl\u00e1n, Cuilapam, Ocotl\u00e1n, Tamazulapam y Huatulco.\",\"potentialAction\":[{\"@type\":\"SearchAction\",\"target\":{\"@type\":\"EntryPoint\",\"urlTemplate\":\"https:\\\/\\\/dragonesfc.mx\\\/?s={search_term_string}\"},\"query-input\":{\"@type\":\"PropertyValueSpecification\",\"valueRequired\":true,\"valueName\":\"search_term_string\"}}],\"inLanguage\":\"es\"}]}<\/script>\n<!-- \/ Yoast SEO plugin. -->","yoast_head_json":{"title":"Playera Drag\u00f3n Local - Tienda Dragones","robots":{"index":"index","follow":"follow","max-snippet":"max-snippet:-1","max-image-preview":"max-image-preview:large","max-video-preview":"max-video-preview:-1"},"canonical":"https:\/\/dragonesfc.mx\/index.php\/product\/playera-dragon-local\/","og_locale":"es_MX","og_type":"article","og_title":"Playera Drag\u00f3n Local - Tienda Dragones","og_description":"Tu origen, tu escudo, tu piel.  La camiseta que grita orgullo desde la ra\u00edz. Con dise\u00f1o inspirado en nuestras tierras oaxaque\u00f1as y el fuego que nos define, la Playera Drag\u00f3n Local es m\u00e1s que uniforme: es identidad. Ll\u00e9vala con el pecho en alto.","og_url":"https:\/\/dragonesfc.mx\/index.php\/product\/playera-dragon-local\/","og_site_name":"Tienda Dragones","article_modified_time":"2025-06-26T04:56:02+00:00","og_image":[{"width":2048,"height":2560,"url":"http:\/\/dragonesfc.mx\/wp-content\/uploads\/2024\/07\/9107e2bb-3b57-445a-bd4f-0d68ad96305d-scaled.jpg","type":"image\/jpeg"}],"twitter_card":"summary_large_image","twitter_misc":{"Tiempo de lectura":"1 minuto"},"schema":{"@context":"https:\/\/schema.org","@graph":[{"@type":"WebPage","@id":"https:\/\/dragonesfc.mx\/index.php\/product\/playera-dragon-local\/","url":"https:\/\/dragonesfc.mx\/index.php\/product\/playera-dragon-local\/","name":"Playera Drag\u00f3n Local - Tienda Dragones","isPartOf":{"@id":"https:\/\/dragonesfc.mx\/#website"},"primaryImageOfPage":{"@id":"https:\/\/dragonesfc.mx\/index.php\/product\/playera-dragon-local\/#primaryimage"},"image":{"@id":"https:\/\/dragonesfc.mx\/index.php\/product\/playera-dragon-local\/#primaryimage"},"thumbnailUrl":"https:\/\/dragonesfc.mx\/wp-content\/uploads\/2024\/07\/9107e2bb-3b57-445a-bd4f-0d68ad96305d-scaled.jpg","datePublished":"2025-06-26T04:45:26+00:00","dateModified":"2025-06-26T04:56:02+00:00","breadcrumb":{"@id":"https:\/\/dragonesfc.mx\/index.php\/product\/playera-dragon-local\/#breadcrumb"},"inLanguage":"es","potentialAction":[{"@type":"ReadAction","target":["https:\/\/dragonesfc.mx\/index.php\/product\/playera-dragon-local\/"]}]},{"@type":"ImageObject","inLanguage":"es","@id":"https:\/\/dragonesfc.mx\/index.php\/product\/playera-dragon-local\/#primaryimage","url":"https:\/\/dragonesfc.mx\/wp-content\/uploads\/2024\/07\/9107e2bb-3b57-445a-bd4f-0d68ad96305d-scaled.jpg","contentUrl":"https:\/\/dragonesfc.mx\/wp-content\/uploads\/2024\/07\/9107e2bb-3b57-445a-bd4f-0d68ad96305d-scaled.jpg","width":2048,"height":2560},{"@type":"BreadcrumbList","@id":"https:\/\/dragonesfc.mx\/index.php\/product\/playera-dragon-local\/#breadcrumb","itemListElement":[{"@type":"ListItem","position":1,"name":"Inicio","item":"https:\/\/dragonesfc.mx\/"},{"@type":"ListItem","position":2,"name":"TIENDRAG\u00d3N","item":"https:\/\/dragonesfc.mx\/index.php\/shop\/"},{"@type":"ListItem","position":3,"name":"Playera Drag\u00f3n Local"}]},{"@type":"WebSite","@id":"https:\/\/dragonesfc.mx\/#website","url":"https:\/\/dragonesfc.mx\/","name":"Tienda Dragones","description":"Instituci\u00f3n oaxaque\u00f1a dedicada a la ense\u00f1anza del futbol. Fundada en 2018, esta organizaci\u00f3n cuenta con 2 equipos en la Tercera Divisi\u00f3n Profesional de la Federaci\u00f3n Mexicana de Futbol, adem\u00e1s de seis academias en Tlalixtac, Zimatl\u00e1n, Cuilapam, Ocotl\u00e1n, Tamazulapam y Huatulco.","potentialAction":[{"@type":"SearchAction","target":{"@type":"EntryPoint","urlTemplate":"https:\/\/dragonesfc.mx\/?s={search_term_string}"},"query-input":{"@type":"PropertyValueSpecification","valueRequired":true,"valueName":"search_term_string"}}],"inLanguage":"es"}]}},"jetpack_sharing_enabled":true,"_links":{"self":[{"href":"https:\/\/dragonesfc.mx\/index.php\/wp-json\/wp\/v2\/product\/2635","targetHints":{"allow":["GET"]}}],"collection":[{"href":"https:\/\/dragonesfc.mx\/index.php\/wp-json\/wp\/v2\/product"}],"about":[{"href":"https:\/\/dragonesfc.mx\/index.php\/wp-json\/wp\/v2\/types\/product"}],"replies":[{"embeddable":true,"href":"https:\/\/dragonesfc.mx\/index.php\/wp-json\/wp\/v2\/comments?post=2635"}],"wp:featuredmedia":[{"embeddable":true,"href":"https:\/\/dragonesfc.mx\/index.php\/wp-json\/wp\/v2\/media\/1435"}],"wp:attachment":[{"href":"https:\/\/dragonesfc.mx\/index.php\/wp-json\/wp\/v2\/media?parent=2635"}],"wp:term":[{"taxonomy":"product_brand","embeddable":true,"href":"https:\/\/dragonesfc.mx\/index.php\/wp-json\/wp\/v2\/product_brand?post=2635"},{"taxonomy":"product_cat","embeddable":true,"href":"https:\/\/dragonesfc.mx\/index.php\/wp-json\/wp\/v2\/product_cat?post=2635"},{"taxonomy":"product_tag","embeddable":true,"href":"https:\/\/dragonesfc.mx\/index.php\/wp-json\/wp\/v2\/product_tag?post=2635"}],"curies":[{"name":"wp","href":"https:\/\/api.w.org\/{rel}","templated":true}]}}