{"id":2637,"date":"2025-06-25T22:56:43","date_gmt":"2025-06-26T04:56:43","guid":{"rendered":"https:\/\/dragonesfc.mx\/?post_type=product&#038;p=2637"},"modified":"2025-06-25T22:59:55","modified_gmt":"2025-06-26T04:59:55","slug":"rompevientos-dragon","status":"publish","type":"product","link":"https:\/\/dragonesfc.mx\/index.php\/product\/rompevientos-dragon\/","title":{"rendered":"Rompevientos Drag\u00f3n"},"content":{"rendered":"<p data-start=\"843\" data-end=\"1144\">Ligero como el vuelo, fuerte como el rugido. El <em data-start=\"916\" data-end=\"937\">Rompevientos Drag\u00f3n<\/em> es perfecto para entrenar, viajar o conquistar el d\u00eda a d\u00eda. Protecci\u00f3n, estilo y alma deportiva, en cada costura. Que nada apague tu fuego.<\/p>\n<p data-start=\"843\" data-end=\"1144\">Protecci\u00f3n ligera, esp\u00edritu indomable.<\/p>\n","protected":false},"excerpt":{"rendered":"<p data-start=\"843\" data-end=\"1144\">Ligero como el vuelo, fuerte como el rugido. El <em data-start=\"916\" data-end=\"937\">Rompevientos Drag\u00f3n<\/em> es perfecto para entrenar, viajar o conquistar el d\u00eda a d\u00eda. Protecci\u00f3n, estilo y alma deportiva, en cada costura. Que nada apague tu fuego.<\/p>\n<p data-start=\"843\" data-end=\"1144\">Protecci\u00f3n ligera, esp\u00edritu indomable.<\/p>\n","protected":false},"featured_media":1434,"comment_status":"open","ping_status":"closed","template":"","meta":[],"product_brand":[],"product_cat":[262],"product_tag":[],"class_list":{"0":"post-2637","1":"product","2":"type-product","3":"status-publish","4":"has-post-thumbnail","6":"product_cat-voltor","8":"first","9":"instock","10":"taxable","11":"shipping-taxable","12":"purchasable","13":"product-type-simple"},"yoast_head":"<!-- This site is optimized with the Yoast SEO plugin v27.5 - https:\/\/yoast.com\/product\/yoast-seo-wordpress\/ -->\n<title>Rompevientos Drag\u00f3n - Tienda Dragones<\/title>\n<meta name=\"robots\" content=\"index, follow, max-snippet:-1, max-image-preview:large, max-video-preview:-1\" \/>\n<link rel=\"canonical\" href=\"https:\/\/dragonesfc.mx\/index.php\/product\/rompevientos-dragon\/\" \/>\n<meta property=\"og:locale\" content=\"es_MX\" \/>\n<meta property=\"og:type\" content=\"article\" \/>\n<meta property=\"og:title\" content=\"Rompevientos Drag\u00f3n - Tienda Dragones\" \/>\n<meta property=\"og:description\" content=\"Ligero como el vuelo, fuerte como el rugido. El Rompevientos Drag\u00f3n es perfecto para entrenar, viajar o conquistar el d\u00eda a d\u00eda. Protecci\u00f3n, estilo y alma deportiva, en cada costura. Que nada apague tu fuego. Protecci\u00f3n ligera, esp\u00edritu indomable.\" \/>\n<meta property=\"og:url\" content=\"https:\/\/dragonesfc.mx\/index.php\/product\/rompevientos-dragon\/\" \/>\n<meta property=\"og:site_name\" content=\"Tienda Dragones\" \/>\n<meta property=\"article:modified_time\" content=\"2025-06-26T04:59:55+00:00\" \/>\n<meta property=\"og:image\" content=\"http:\/\/dragonesfc.mx\/wp-content\/uploads\/2024\/07\/9f6d7c91-b72a-46ca-abc0-067a242d7c1f-scaled.jpg\" \/>\n\t<meta property=\"og:image:width\" content=\"2048\" \/>\n\t<meta property=\"og:image:height\" content=\"2560\" \/>\n\t<meta property=\"og:image:type\" content=\"image\/jpeg\" \/>\n<meta name=\"twitter:card\" content=\"summary_large_image\" \/>\n<meta name=\"twitter:label1\" content=\"Tiempo de lectura\" \/>\n\t<meta name=\"twitter:data1\" content=\"1 minuto\" \/>\n<script type=\"application\/ld+json\" class=\"yoast-schema-graph\">{\"@context\":\"https:\\\/\\\/schema.org\",\"@graph\":[{\"@type\":\"WebPage\",\"@id\":\"https:\\\/\\\/dragonesfc.mx\\\/index.php\\\/product\\\/rompevientos-dragon\\\/\",\"url\":\"https:\\\/\\\/dragonesfc.mx\\\/index.php\\\/product\\\/rompevientos-dragon\\\/\",\"name\":\"Rompevientos Drag\u00f3n - Tienda Dragones\",\"isPartOf\":{\"@id\":\"https:\\\/\\\/dragonesfc.mx\\\/#website\"},\"primaryImageOfPage\":{\"@id\":\"https:\\\/\\\/dragonesfc.mx\\\/index.php\\\/product\\\/rompevientos-dragon\\\/#primaryimage\"},\"image\":{\"@id\":\"https:\\\/\\\/dragonesfc.mx\\\/index.php\\\/product\\\/rompevientos-dragon\\\/#primaryimage\"},\"thumbnailUrl\":\"https:\\\/\\\/dragonesfc.mx\\\/wp-content\\\/uploads\\\/2024\\\/07\\\/9f6d7c91-b72a-46ca-abc0-067a242d7c1f-scaled.jpg\",\"datePublished\":\"2025-06-26T04:56:43+00:00\",\"dateModified\":\"2025-06-26T04:59:55+00:00\",\"breadcrumb\":{\"@id\":\"https:\\\/\\\/dragonesfc.mx\\\/index.php\\\/product\\\/rompevientos-dragon\\\/#breadcrumb\"},\"inLanguage\":\"es\",\"potentialAction\":[{\"@type\":\"ReadAction\",\"target\":[\"https:\\\/\\\/dragonesfc.mx\\\/index.php\\\/product\\\/rompevientos-dragon\\\/\"]}]},{\"@type\":\"ImageObject\",\"inLanguage\":\"es\",\"@id\":\"https:\\\/\\\/dragonesfc.mx\\\/index.php\\\/product\\\/rompevientos-dragon\\\/#primaryimage\",\"url\":\"https:\\\/\\\/dragonesfc.mx\\\/wp-content\\\/uploads\\\/2024\\\/07\\\/9f6d7c91-b72a-46ca-abc0-067a242d7c1f-scaled.jpg\",\"contentUrl\":\"https:\\\/\\\/dragonesfc.mx\\\/wp-content\\\/uploads\\\/2024\\\/07\\\/9f6d7c91-b72a-46ca-abc0-067a242d7c1f-scaled.jpg\",\"width\":2048,\"height\":2560},{\"@type\":\"BreadcrumbList\",\"@id\":\"https:\\\/\\\/dragonesfc.mx\\\/index.php\\\/product\\\/rompevientos-dragon\\\/#breadcrumb\",\"itemListElement\":[{\"@type\":\"ListItem\",\"position\":1,\"name\":\"Inicio\",\"item\":\"https:\\\/\\\/dragonesfc.mx\\\/\"},{\"@type\":\"ListItem\",\"position\":2,\"name\":\"TIENDRAG\u00d3N\",\"item\":\"https:\\\/\\\/dragonesfc.mx\\\/index.php\\\/shop\\\/\"},{\"@type\":\"ListItem\",\"position\":3,\"name\":\"Rompevientos Drag\u00f3n\"}]},{\"@type\":\"WebSite\",\"@id\":\"https:\\\/\\\/dragonesfc.mx\\\/#website\",\"url\":\"https:\\\/\\\/dragonesfc.mx\\\/\",\"name\":\"Tienda Dragones\",\"description\":\"Instituci\u00f3n oaxaque\u00f1a dedicada a la ense\u00f1anza del futbol. Fundada en 2018, esta organizaci\u00f3n cuenta con 2 equipos en la Tercera Divisi\u00f3n Profesional de la Federaci\u00f3n Mexicana de Futbol, adem\u00e1s de seis academias en Tlalixtac, Zimatl\u00e1n, Cuilapam, Ocotl\u00e1n, Tamazulapam y Huatulco.\",\"potentialAction\":[{\"@type\":\"SearchAction\",\"target\":{\"@type\":\"EntryPoint\",\"urlTemplate\":\"https:\\\/\\\/dragonesfc.mx\\\/?s={search_term_string}\"},\"query-input\":{\"@type\":\"PropertyValueSpecification\",\"valueRequired\":true,\"valueName\":\"search_term_string\"}}],\"inLanguage\":\"es\"}]}<\/script>\n<!-- \/ Yoast SEO plugin. -->","yoast_head_json":{"title":"Rompevientos Drag\u00f3n - Tienda Dragones","robots":{"index":"index","follow":"follow","max-snippet":"max-snippet:-1","max-image-preview":"max-image-preview:large","max-video-preview":"max-video-preview:-1"},"canonical":"https:\/\/dragonesfc.mx\/index.php\/product\/rompevientos-dragon\/","og_locale":"es_MX","og_type":"article","og_title":"Rompevientos Drag\u00f3n - Tienda Dragones","og_description":"Ligero como el vuelo, fuerte como el rugido. El Rompevientos Drag\u00f3n es perfecto para entrenar, viajar o conquistar el d\u00eda a d\u00eda. Protecci\u00f3n, estilo y alma deportiva, en cada costura. Que nada apague tu fuego. Protecci\u00f3n ligera, esp\u00edritu indomable.","og_url":"https:\/\/dragonesfc.mx\/index.php\/product\/rompevientos-dragon\/","og_site_name":"Tienda Dragones","article_modified_time":"2025-06-26T04:59:55+00:00","og_image":[{"width":2048,"height":2560,"url":"http:\/\/dragonesfc.mx\/wp-content\/uploads\/2024\/07\/9f6d7c91-b72a-46ca-abc0-067a242d7c1f-scaled.jpg","type":"image\/jpeg"}],"twitter_card":"summary_large_image","twitter_misc":{"Tiempo de lectura":"1 minuto"},"schema":{"@context":"https:\/\/schema.org","@graph":[{"@type":"WebPage","@id":"https:\/\/dragonesfc.mx\/index.php\/product\/rompevientos-dragon\/","url":"https:\/\/dragonesfc.mx\/index.php\/product\/rompevientos-dragon\/","name":"Rompevientos Drag\u00f3n - Tienda Dragones","isPartOf":{"@id":"https:\/\/dragonesfc.mx\/#website"},"primaryImageOfPage":{"@id":"https:\/\/dragonesfc.mx\/index.php\/product\/rompevientos-dragon\/#primaryimage"},"image":{"@id":"https:\/\/dragonesfc.mx\/index.php\/product\/rompevientos-dragon\/#primaryimage"},"thumbnailUrl":"https:\/\/dragonesfc.mx\/wp-content\/uploads\/2024\/07\/9f6d7c91-b72a-46ca-abc0-067a242d7c1f-scaled.jpg","datePublished":"2025-06-26T04:56:43+00:00","dateModified":"2025-06-26T04:59:55+00:00","breadcrumb":{"@id":"https:\/\/dragonesfc.mx\/index.php\/product\/rompevientos-dragon\/#breadcrumb"},"inLanguage":"es","potentialAction":[{"@type":"ReadAction","target":["https:\/\/dragonesfc.mx\/index.php\/product\/rompevientos-dragon\/"]}]},{"@type":"ImageObject","inLanguage":"es","@id":"https:\/\/dragonesfc.mx\/index.php\/product\/rompevientos-dragon\/#primaryimage","url":"https:\/\/dragonesfc.mx\/wp-content\/uploads\/2024\/07\/9f6d7c91-b72a-46ca-abc0-067a242d7c1f-scaled.jpg","contentUrl":"https:\/\/dragonesfc.mx\/wp-content\/uploads\/2024\/07\/9f6d7c91-b72a-46ca-abc0-067a242d7c1f-scaled.jpg","width":2048,"height":2560},{"@type":"BreadcrumbList","@id":"https:\/\/dragonesfc.mx\/index.php\/product\/rompevientos-dragon\/#breadcrumb","itemListElement":[{"@type":"ListItem","position":1,"name":"Inicio","item":"https:\/\/dragonesfc.mx\/"},{"@type":"ListItem","position":2,"name":"TIENDRAG\u00d3N","item":"https:\/\/dragonesfc.mx\/index.php\/shop\/"},{"@type":"ListItem","position":3,"name":"Rompevientos Drag\u00f3n"}]},{"@type":"WebSite","@id":"https:\/\/dragonesfc.mx\/#website","url":"https:\/\/dragonesfc.mx\/","name":"Tienda Dragones","description":"Instituci\u00f3n oaxaque\u00f1a dedicada a la ense\u00f1anza del futbol. Fundada en 2018, esta organizaci\u00f3n cuenta con 2 equipos en la Tercera Divisi\u00f3n Profesional de la Federaci\u00f3n Mexicana de Futbol, adem\u00e1s de seis academias en Tlalixtac, Zimatl\u00e1n, Cuilapam, Ocotl\u00e1n, Tamazulapam y Huatulco.","potentialAction":[{"@type":"SearchAction","target":{"@type":"EntryPoint","urlTemplate":"https:\/\/dragonesfc.mx\/?s={search_term_string}"},"query-input":{"@type":"PropertyValueSpecification","valueRequired":true,"valueName":"search_term_string"}}],"inLanguage":"es"}]}},"jetpack_sharing_enabled":true,"_links":{"self":[{"href":"https:\/\/dragonesfc.mx\/index.php\/wp-json\/wp\/v2\/product\/2637","targetHints":{"allow":["GET"]}}],"collection":[{"href":"https:\/\/dragonesfc.mx\/index.php\/wp-json\/wp\/v2\/product"}],"about":[{"href":"https:\/\/dragonesfc.mx\/index.php\/wp-json\/wp\/v2\/types\/product"}],"replies":[{"embeddable":true,"href":"https:\/\/dragonesfc.mx\/index.php\/wp-json\/wp\/v2\/comments?post=2637"}],"wp:featuredmedia":[{"embeddable":true,"href":"https:\/\/dragonesfc.mx\/index.php\/wp-json\/wp\/v2\/media\/1434"}],"wp:attachment":[{"href":"https:\/\/dragonesfc.mx\/index.php\/wp-json\/wp\/v2\/media?parent=2637"}],"wp:term":[{"taxonomy":"product_brand","embeddable":true,"href":"https:\/\/dragonesfc.mx\/index.php\/wp-json\/wp\/v2\/product_brand?post=2637"},{"taxonomy":"product_cat","embeddable":true,"href":"https:\/\/dragonesfc.mx\/index.php\/wp-json\/wp\/v2\/product_cat?post=2637"},{"taxonomy":"product_tag","embeddable":true,"href":"https:\/\/dragonesfc.mx\/index.php\/wp-json\/wp\/v2\/product_tag?post=2637"}],"curies":[{"name":"wp","href":"https:\/\/api.w.org\/{rel}","templated":true}]}}